{"id":677,"date":"2017-07-21T13:21:57","date_gmt":"2017-07-21T11:21:57","guid":{"rendered":"http:\/\/www.nutrisuin.nl\/home\/"},"modified":"2019-07-05T17:33:23","modified_gmt":"2019-07-05T15:33:23","slug":"home-de","status":"publish","type":"page","link":"https:\/\/www.nutrisuin.nl\/de\/","title":{"rendered":"Home"},"content":{"rendered":"<h1>\n\t\t<strong>Nutri<\/strong>Suin\n\t<\/h1>\n<h2>\n\t\t<strong>Feeding your profit,<\/strong><br> unser motto k\u00f6nnte nicht aussagekr\u00e4ftiger sein!<br> Futter f\u00fcr ihren profit.\n\t<\/h2>\n\t\t\t<a href=\"http:\/\/www.nutrisuin.nl\/de\/\" target=\"_self\" role=\"button\" rel=\"noopener noreferrer\">\n\t\t\t\t\t\t\t<strong>Feeding<\/strong> your profit\n\t\t\t\t\t<\/a>\n\tNutriSuin ist ein junges Unternehmen voller praktischer Erfahrung.<br \/>\nUnsere F\u00fctterungsstrategie f\u00fcr Ihre Ferkel ist:\n\t<ul>\n\t\t\t<li>\n\t\t\t\tPraktisch\n\t\t\t<\/li>\n\t\t\t<li>\n\t\t\t\tGezielt\n\t\t\t<\/li>\n\t\t\t<li>\n\t\t\t\tKosteng\u00fcnstig\n\t\t\t<\/li>\n\t\t<\/ul>\n\t<p>Wir sind stolz, dass wir eine \u00fcber 35 j\u00e4hrige praktische Erfahrung im Schweinsektor vorweisen k\u00f6nnen. Unsere einfach anzuwendende F\u00fctterungsstrategie f\u00fcr Saugferkel liefert eine solide Grundlage f\u00fcr problemlose, und profitable Schweine. Dies sowohl f\u00fcr Z\u00fcchter, deren Ziel eine effiziente und kosteng\u00fcnstige Ferkelproduktion ist, als auch f\u00fcr Landwirte die sich starke und qualitativ hochwertige Ferkel w\u00fcnschen.<\/p>\n\t\t\t<a href=\"http:\/\/www.nutrisuin.nl\/de\/produkte\/\" target=\"_self\" role=\"button\" rel=\"noopener noreferrer\">\n\t\t\t\t\t\t\tUnsere Produkte\n\t\t\t\t\t<\/a>\n<h3>\n\t\tFeeding your profit, unser motto k\u00f6nnte nicht aussagekr\u00e4ftiger sein!<br> Futter f\u00fcr ihren profit.\n\t<\/h3>\n<h1>\n\t\t<strong>Unsere<\/strong> Highlights\n\t<\/h1>\n\t<meta itemscope itemprop=\"mainEntityOfPage\" itemtype=\"https:\/\/schema.org\/WebPage\" itemid=\"https:\/\/www.nutrisuin.nl\/de\/produkte\/autosuin\/\" content=\"AutoSuin\" \/><meta itemprop=\"datePublished\" content=\"2017-12-10\" \/><meta itemprop=\"dateModified\" content=\"2018-03-26\" \/><meta itemprop=\"name\" content=\"NutriSuin\"><meta itemprop=\"url\" content=\"http:\/\/www.nutrisuin.nl\/wp-content\/uploads\/Logo_NutriSuin_header.png\"><meta itemprop=\"url\" content=\"https:\/\/www.nutrisuin.nl\/de\/author\/admin\/\" \/><meta itemprop=\"name\" content=\"admin\" \/><meta itemprop=\"url\" content=\"https:\/\/www.nutrisuin.nl\/wp-content\/uploads\/Autosuin_Presuin_BabySuin_2018_blok_crop2.jpg\" \/><meta itemprop=\"width\" content=\"3564\" \/><meta itemprop=\"height\" content=\"3924\" \/><meta itemprop=\"interactionType\" content=\"https:\/\/schema.org\/CommentAction\" \/><meta itemprop=\"userInteractionCount\" content=\"0\" \/>\t\n\t<h3 itemprop=\"headline\">\n\t\t\t\t\tAutoSuin\t\t\t<\/h3>\n\t\t\t\t<a href=\"https:\/\/www.nutrisuin.nl\/de\/artikelen\/autosuin\/\" target=\"_self\" itemprop=\"url\" rel=\"noopener noreferrer\">\n\t\t\t\t<img decoding=\"async\" src=\"https:\/\/www.nutrisuin.nl\/wp-content\/uploads\/Autosuin_Presuin_BabySuin_2018_blok_crop2-340x340.jpg\" alt=\"\t\" itemprop=\"image\" data-no-lazy=\"1\" height=\"340\" width=\"340\" title=\"Autosuin_Presuin_BabySuin_2018_blok_crop2\" onerror=\"this.style.display='none'\"  \/>\n\t\t\t\t<\/a>\n\t<meta itemscope itemprop=\"mainEntityOfPage\" itemtype=\"https:\/\/schema.org\/WebPage\" itemid=\"https:\/\/www.nutrisuin.nl\/de\/produkte\/babysuin\/\" content=\"BabySuin\" \/><meta itemprop=\"datePublished\" content=\"2017-12-11\" \/><meta itemprop=\"dateModified\" content=\"2018-11-21\" \/><meta itemprop=\"name\" content=\"NutriSuin\"><meta itemprop=\"url\" content=\"http:\/\/www.nutrisuin.nl\/wp-content\/uploads\/Logo_NutriSuin_header.png\"><meta itemprop=\"url\" content=\"https:\/\/www.nutrisuin.nl\/de\/author\/admin\/\" \/><meta itemprop=\"name\" content=\"admin\" \/><meta itemprop=\"url\" content=\"https:\/\/www.nutrisuin.nl\/wp-content\/uploads\/babysuin.jpg\" \/><meta itemprop=\"width\" content=\"300\" \/><meta itemprop=\"height\" content=\"300\" \/><meta itemprop=\"interactionType\" content=\"https:\/\/schema.org\/CommentAction\" \/><meta itemprop=\"userInteractionCount\" content=\"0\" \/>\t\n\t<h3 itemprop=\"headline\">\n\t\t\t\t\tBabySuin\t\t\t<\/h3>\n\t\t\t\t<a href=\"https:\/\/www.nutrisuin.nl\/de\/artikelen\/babysuin\/\" target=\"_self\" itemprop=\"url\" rel=\"noopener noreferrer\">\n\t\t\t\t<img decoding=\"async\" src=\"https:\/\/www.nutrisuin.nl\/wp-content\/uploads\/babysuin.jpg\" alt=\"babysuin\" itemprop=\"image\" data-no-lazy=\"1\" height=\"300\" width=\"300\" title=\"babysuin\" onerror=\"this.style.display='none'\"  \/>\n\t\t\t\t<\/a>\n\t<meta itemscope itemprop=\"mainEntityOfPage\" itemtype=\"https:\/\/schema.org\/WebPage\" itemid=\"https:\/\/www.nutrisuin.nl\/de\/produkte\/presuin\/\" content=\"PreSuin\" \/><meta itemprop=\"datePublished\" content=\"2017-12-12\" \/><meta itemprop=\"dateModified\" content=\"2018-11-21\" \/><meta itemprop=\"name\" content=\"NutriSuin\"><meta itemprop=\"url\" content=\"http:\/\/www.nutrisuin.nl\/wp-content\/uploads\/Logo_NutriSuin_header.png\"><meta itemprop=\"url\" content=\"https:\/\/www.nutrisuin.nl\/de\/author\/admin\/\" \/><meta itemprop=\"name\" content=\"admin\" \/><meta itemprop=\"url\" content=\"https:\/\/www.nutrisuin.nl\/wp-content\/uploads\/presuin.jpg\" \/><meta itemprop=\"width\" content=\"300\" \/><meta itemprop=\"height\" content=\"300\" \/><meta itemprop=\"interactionType\" content=\"https:\/\/schema.org\/CommentAction\" \/><meta itemprop=\"userInteractionCount\" content=\"0\" \/>\t\n\t<h3 itemprop=\"headline\">\n\t\t\t\t\tPreSuin\t\t\t<\/h3>\n\t\t\t\t<a href=\"https:\/\/www.nutrisuin.nl\/de\/artikelen\/presuin\/\" target=\"_self\" itemprop=\"url\" rel=\"noopener noreferrer\">\n\t\t\t\t<img decoding=\"async\" src=\"https:\/\/www.nutrisuin.nl\/wp-content\/uploads\/presuin.jpg\" alt=\"presuin\" itemprop=\"image\" data-no-lazy=\"1\" height=\"300\" width=\"300\" title=\"presuin\" onerror=\"this.style.display='none'\"  \/>\n\t\t\t\t<\/a>\n\t<meta itemscope itemprop=\"mainEntityOfPage\" itemtype=\"https:\/\/schema.org\/WebPage\" itemid=\"https:\/\/www.nutrisuin.nl\/de\/produkte\/bensol\/\" content=\"BenSol\" \/><meta itemprop=\"datePublished\" content=\"2017-12-13\" \/><meta itemprop=\"dateModified\" content=\"2018-03-23\" \/><meta itemprop=\"name\" content=\"NutriSuin\"><meta itemprop=\"url\" content=\"http:\/\/www.nutrisuin.nl\/wp-content\/uploads\/Logo_NutriSuin_header.png\"><meta itemprop=\"url\" content=\"https:\/\/www.nutrisuin.nl\/de\/author\/admin\/\" \/><meta itemprop=\"name\" content=\"admin\" \/><meta itemprop=\"url\" content=\"https:\/\/www.nutrisuin.nl\/wp-content\/uploads\/Bensol.jpg\" \/><meta itemprop=\"width\" content=\"300\" \/><meta itemprop=\"height\" content=\"300\" \/><meta itemprop=\"interactionType\" content=\"https:\/\/schema.org\/CommentAction\" \/><meta itemprop=\"userInteractionCount\" content=\"0\" \/>\t\n\t<h3 itemprop=\"headline\">\n\t\t\t\t\tBenSol\t\t\t<\/h3>\n\t\t\t\t<a href=\"https:\/\/www.nutrisuin.nl\/de\/artikelen\/bensol\/\" target=\"_self\" itemprop=\"url\" rel=\"noopener noreferrer\">\n\t\t\t\t<img decoding=\"async\" src=\"https:\/\/www.nutrisuin.nl\/wp-content\/uploads\/Bensol.jpg\" alt=\"Bensol\" itemprop=\"image\" data-no-lazy=\"1\" height=\"300\" width=\"300\" title=\"Bensol\" onerror=\"this.style.display='none'\"  \/>\n\t\t\t\t<\/a>\n\t<meta itemscope itemprop=\"mainEntityOfPage\" itemtype=\"https:\/\/schema.org\/WebPage\" itemid=\"https:\/\/www.nutrisuin.nl\/de\/produkte\/maxivital\/\" content=\"MaxiVital\" \/><meta itemprop=\"datePublished\" content=\"2017-12-14\" \/><meta itemprop=\"dateModified\" content=\"2018-03-26\" \/><meta itemprop=\"name\" content=\"NutriSuin\"><meta itemprop=\"url\" content=\"http:\/\/www.nutrisuin.nl\/wp-content\/uploads\/Logo_NutriSuin_header.png\"><meta itemprop=\"url\" content=\"https:\/\/www.nutrisuin.nl\/de\/author\/admin\/\" \/><meta itemprop=\"name\" content=\"admin\" \/><meta itemprop=\"url\" content=\"https:\/\/www.nutrisuin.nl\/wp-content\/uploads\/maxivital.jpg\" \/><meta itemprop=\"width\" content=\"300\" \/><meta itemprop=\"height\" content=\"300\" \/><meta itemprop=\"interactionType\" content=\"https:\/\/schema.org\/CommentAction\" \/><meta itemprop=\"userInteractionCount\" content=\"0\" \/>\t\n\t<h3 itemprop=\"headline\">\n\t\t\t\t\tMaxiVital\t\t\t<\/h3>\n\t\t\t\t<a href=\"https:\/\/www.nutrisuin.nl\/de\/artikelen\/maxivital\/\" target=\"_self\" itemprop=\"url\" rel=\"noopener noreferrer\">\n\t\t\t\t<img decoding=\"async\" src=\"https:\/\/www.nutrisuin.nl\/wp-content\/uploads\/maxivital.jpg\" alt=\"maxivital\" itemprop=\"image\" data-no-lazy=\"1\" height=\"300\" width=\"300\" title=\"maxivital\" onerror=\"this.style.display='none'\"  \/>\n\t\t\t\t<\/a>\n<h1>\n\t\t<strong>Kontaktieren <\/strong> Sie Uns\n\t<\/h1>\n<h4>\n\t\tKontaktieren Sie uns! Wir werden sobald wie m\u00f6glich mit Ihnen Kontakt aufnehmen.\n\t<\/h4>\n<form >\n    <h3>\n\t\t<\/h3>\n\t\n\t\t\n    \t\t<label for=\"pp-name\">Name<\/label>\n    \t\tBitte gib Deinen Namen ein.\n    \t\t<input type=\"text\" name=\"pp-name\" value=\"\" placeholder=\"Name\"  \/>\n    \t\t<label for=\"pp-email\">E-Mail<\/label>\n    \t\tBitte gib eine g\u00fcltige E-Mail Adresse ein.\n    \t\t<input type=\"email\" name=\"pp-email\" value=\"\" placeholder=\"E-Mail\"  \/>\n    \t\t<label for=\"pp-subject\">Thema<\/label>\n    \t\tBitte geben Sie einen Betreff ein.\n    \t\t<input type=\"text\" name=\"pp-subject\" value=\"\" placeholder=\"Thema\"  \/>\n    \t\t<label for=\"pp-message\">Bemerkung<\/label>\n    \t\tBitte eine Nachricht eingeben.\n    \t\t<textarea name=\"pp-message\" placeholder=\"Bemerkung\" ><\/textarea>\n    \t<a href=\"#\" target=\"_self\" role=\"button\" rel=\"noopener noreferrer\">\n    \t\t    \t\t    \t\tSenden\n    \t\t    \t\t    \t<\/a>\n\tVersand fehlgeschlagen. Bitte versuche es noch einmal.\n<\/form>\n  <p>Hartelijk dank voor je bericht! We nemen spoedig contact met je op.<\/p>\n\t\t\t\t<h3>Adresse:<\/h3>\n\t\t\t<p>Julianalaan 4<br \/>5527 BA HAPERT<br \/>Niederlande<\/p>\t\t\n\t\t\t<a href=\"mailto:info@nutrisuin.com\" target=\"_blank\" rel=\"noopener noreferrer\">\n\t\t\t\t<h3>E-Mail:<\/h3>\n\t\t\tinfo@nutrisuin.com\t\t\n\t\t<\/a>\n\t\t\t\t<h3>Telefon:<\/h3>\n\t\t\t<p>+49 32221092933<\/p>\t\t\n","protected":false},"excerpt":{"rendered":"<p>NutriSuin Feeding your profit, unser motto k\u00f6nnte nicht aussagekr\u00e4ftiger sein! Futter f\u00fcr ihren profit. Feeding your profit NutriSuin ist ein junges Unternehmen voller praktischer Erfahrung. Unsere F\u00fctterungsstrategie f\u00fcr Ihre Ferkel&hellip;<\/p>\n","protected":false},"author":1,"featured_media":0,"parent":0,"menu_order":0,"comment_status":"closed","ping_status":"closed","template":"","meta":{"_acf_changed":false,"footnotes":""},"class_list":["post-677","page","type-page","status-publish","hentry"],"acf":[],"yoast_head":"<!-- This site is optimized with the Yoast SEO plugin v27.3 - https:\/\/yoast.com\/product\/yoast-seo-wordpress\/ -->\n<title>NutriSuin - Feeding your profit<\/title>\n<meta name=\"description\" content=\"Mit \u00fcber 35 Jahre Erfahrung im Wohnungsbau und das Schwein ist mit unserem einfach zu passen, F\u00fctterung Strategie eine glatte Basis zum Wohl der Tiere gelegt.\" \/>\n<meta name=\"robots\" content=\"index, follow, max-snippet:-1, max-image-preview:large, max-video-preview:-1\" \/>\n<link rel=\"canonical\" href=\"https:\/\/www.nutrisuin.nl\/de\/\" \/>\n<meta property=\"og:locale\" content=\"de_DE\" \/>\n<meta property=\"og:type\" content=\"article\" \/>\n<meta property=\"og:title\" content=\"NutriSuin - Feeding your profit\" \/>\n<meta property=\"og:description\" content=\"Mit \u00fcber 35 Jahre Erfahrung im Wohnungsbau und das Schwein ist mit unserem einfach zu passen, F\u00fctterung Strategie eine glatte Basis zum Wohl der Tiere gelegt.\" \/>\n<meta property=\"og:url\" content=\"https:\/\/www.nutrisuin.nl\/de\/\" \/>\n<meta property=\"og:site_name\" content=\"NutriSuin\" \/>\n<meta property=\"article:modified_time\" content=\"2019-07-05T15:33:23+00:00\" \/>\n<meta property=\"og:image\" content=\"https:\/\/www.nutrisuin.nl\/wp-content\/uploads\/Autosuin_Presuin_BabySuin_2018_blok_crop2-340x340.jpg\" \/>\n<meta name=\"twitter:card\" content=\"summary_large_image\" \/>\n<meta name=\"twitter:label1\" content=\"Gesch\u00e4tzte Lesezeit\" \/>\n\t<meta name=\"twitter:data1\" content=\"1\u00a0Minute\" \/>\n<script type=\"application\/ld+json\" class=\"yoast-schema-graph\">{\"@context\":\"https:\\\/\\\/schema.org\",\"@graph\":[{\"@type\":\"WebPage\",\"@id\":\"https:\\\/\\\/www.nutrisuin.nl\\\/de\\\/\",\"url\":\"https:\\\/\\\/www.nutrisuin.nl\\\/de\\\/\",\"name\":\"NutriSuin - Feeding your profit\",\"isPartOf\":{\"@id\":\"https:\\\/\\\/www.nutrisuin.nl\\\/#website\"},\"primaryImageOfPage\":{\"@id\":\"https:\\\/\\\/www.nutrisuin.nl\\\/de\\\/#primaryimage\"},\"image\":{\"@id\":\"https:\\\/\\\/www.nutrisuin.nl\\\/de\\\/#primaryimage\"},\"thumbnailUrl\":\"https:\\\/\\\/www.nutrisuin.nl\\\/wp-content\\\/uploads\\\/Autosuin_Presuin_BabySuin_2018_blok_crop2-340x340.jpg\",\"datePublished\":\"2017-07-21T11:21:57+00:00\",\"dateModified\":\"2019-07-05T15:33:23+00:00\",\"description\":\"Mit \u00fcber 35 Jahre Erfahrung im Wohnungsbau und das Schwein ist mit unserem einfach zu passen, F\u00fctterung Strategie eine glatte Basis zum Wohl der Tiere gelegt.\",\"breadcrumb\":{\"@id\":\"https:\\\/\\\/www.nutrisuin.nl\\\/de\\\/#breadcrumb\"},\"inLanguage\":\"de\",\"potentialAction\":[{\"@type\":\"ReadAction\",\"target\":[\"https:\\\/\\\/www.nutrisuin.nl\\\/de\\\/\"]}]},{\"@type\":\"ImageObject\",\"inLanguage\":\"de\",\"@id\":\"https:\\\/\\\/www.nutrisuin.nl\\\/de\\\/#primaryimage\",\"url\":\"https:\\\/\\\/www.nutrisuin.nl\\\/wp-content\\\/uploads\\\/Autosuin_Presuin_BabySuin_2018_blok_crop2-340x340.jpg\",\"contentUrl\":\"https:\\\/\\\/www.nutrisuin.nl\\\/wp-content\\\/uploads\\\/Autosuin_Presuin_BabySuin_2018_blok_crop2-340x340.jpg\"},{\"@type\":\"BreadcrumbList\",\"@id\":\"https:\\\/\\\/www.nutrisuin.nl\\\/de\\\/#breadcrumb\",\"itemListElement\":[{\"@type\":\"ListItem\",\"position\":1,\"name\":\"Home\",\"item\":\"https:\\\/\\\/www.nutrisuin.nl\\\/de\\\/\"},{\"@type\":\"ListItem\",\"position\":2,\"name\":\"Home\"}]},{\"@type\":\"WebSite\",\"@id\":\"https:\\\/\\\/www.nutrisuin.nl\\\/#website\",\"url\":\"https:\\\/\\\/www.nutrisuin.nl\\\/\",\"name\":\"NutriSuin\",\"description\":\"Feeding your profit\",\"potentialAction\":[{\"@type\":\"SearchAction\",\"target\":{\"@type\":\"EntryPoint\",\"urlTemplate\":\"https:\\\/\\\/www.nutrisuin.nl\\\/?s={search_term_string}\"},\"query-input\":{\"@type\":\"PropertyValueSpecification\",\"valueRequired\":true,\"valueName\":\"search_term_string\"}}],\"inLanguage\":\"de\"}]}<\/script>\n<!-- \/ Yoast SEO plugin. -->","yoast_head_json":{"title":"NutriSuin - Feeding your profit","description":"Mit \u00fcber 35 Jahre Erfahrung im Wohnungsbau und das Schwein ist mit unserem einfach zu passen, F\u00fctterung Strategie eine glatte Basis zum Wohl der Tiere gelegt.","robots":{"index":"index","follow":"follow","max-snippet":"max-snippet:-1","max-image-preview":"max-image-preview:large","max-video-preview":"max-video-preview:-1"},"canonical":"https:\/\/www.nutrisuin.nl\/de\/","og_locale":"de_DE","og_type":"article","og_title":"NutriSuin - Feeding your profit","og_description":"Mit \u00fcber 35 Jahre Erfahrung im Wohnungsbau und das Schwein ist mit unserem einfach zu passen, F\u00fctterung Strategie eine glatte Basis zum Wohl der Tiere gelegt.","og_url":"https:\/\/www.nutrisuin.nl\/de\/","og_site_name":"NutriSuin","article_modified_time":"2019-07-05T15:33:23+00:00","og_image":[{"url":"https:\/\/www.nutrisuin.nl\/wp-content\/uploads\/Autosuin_Presuin_BabySuin_2018_blok_crop2-340x340.jpg","type":"","width":"","height":""}],"twitter_card":"summary_large_image","twitter_misc":{"Gesch\u00e4tzte Lesezeit":"1\u00a0Minute"},"schema":{"@context":"https:\/\/schema.org","@graph":[{"@type":"WebPage","@id":"https:\/\/www.nutrisuin.nl\/de\/","url":"https:\/\/www.nutrisuin.nl\/de\/","name":"NutriSuin - Feeding your profit","isPartOf":{"@id":"https:\/\/www.nutrisuin.nl\/#website"},"primaryImageOfPage":{"@id":"https:\/\/www.nutrisuin.nl\/de\/#primaryimage"},"image":{"@id":"https:\/\/www.nutrisuin.nl\/de\/#primaryimage"},"thumbnailUrl":"https:\/\/www.nutrisuin.nl\/wp-content\/uploads\/Autosuin_Presuin_BabySuin_2018_blok_crop2-340x340.jpg","datePublished":"2017-07-21T11:21:57+00:00","dateModified":"2019-07-05T15:33:23+00:00","description":"Mit \u00fcber 35 Jahre Erfahrung im Wohnungsbau und das Schwein ist mit unserem einfach zu passen, F\u00fctterung Strategie eine glatte Basis zum Wohl der Tiere gelegt.","breadcrumb":{"@id":"https:\/\/www.nutrisuin.nl\/de\/#breadcrumb"},"inLanguage":"de","potentialAction":[{"@type":"ReadAction","target":["https:\/\/www.nutrisuin.nl\/de\/"]}]},{"@type":"ImageObject","inLanguage":"de","@id":"https:\/\/www.nutrisuin.nl\/de\/#primaryimage","url":"https:\/\/www.nutrisuin.nl\/wp-content\/uploads\/Autosuin_Presuin_BabySuin_2018_blok_crop2-340x340.jpg","contentUrl":"https:\/\/www.nutrisuin.nl\/wp-content\/uploads\/Autosuin_Presuin_BabySuin_2018_blok_crop2-340x340.jpg"},{"@type":"BreadcrumbList","@id":"https:\/\/www.nutrisuin.nl\/de\/#breadcrumb","itemListElement":[{"@type":"ListItem","position":1,"name":"Home","item":"https:\/\/www.nutrisuin.nl\/de\/"},{"@type":"ListItem","position":2,"name":"Home"}]},{"@type":"WebSite","@id":"https:\/\/www.nutrisuin.nl\/#website","url":"https:\/\/www.nutrisuin.nl\/","name":"NutriSuin","description":"Feeding your profit","potentialAction":[{"@type":"SearchAction","target":{"@type":"EntryPoint","urlTemplate":"https:\/\/www.nutrisuin.nl\/?s={search_term_string}"},"query-input":{"@type":"PropertyValueSpecification","valueRequired":true,"valueName":"search_term_string"}}],"inLanguage":"de"}]}},"_links":{"self":[{"href":"https:\/\/www.nutrisuin.nl\/de\/wp-json\/wp\/v2\/pages\/677","targetHints":{"allow":["GET"]}}],"collection":[{"href":"https:\/\/www.nutrisuin.nl\/de\/wp-json\/wp\/v2\/pages"}],"about":[{"href":"https:\/\/www.nutrisuin.nl\/de\/wp-json\/wp\/v2\/types\/page"}],"author":[{"embeddable":true,"href":"https:\/\/www.nutrisuin.nl\/de\/wp-json\/wp\/v2\/users\/1"}],"replies":[{"embeddable":true,"href":"https:\/\/www.nutrisuin.nl\/de\/wp-json\/wp\/v2\/comments?post=677"}],"version-history":[{"count":5,"href":"https:\/\/www.nutrisuin.nl\/de\/wp-json\/wp\/v2\/pages\/677\/revisions"}],"predecessor-version":[{"id":38763,"href":"https:\/\/www.nutrisuin.nl\/de\/wp-json\/wp\/v2\/pages\/677\/revisions\/38763"}],"wp:attachment":[{"href":"https:\/\/www.nutrisuin.nl\/de\/wp-json\/wp\/v2\/media?parent=677"}],"curies":[{"name":"wp","href":"https:\/\/api.w.org\/{rel}","templated":true}]}}