{"id":772,"date":"2017-07-21T13:58:45","date_gmt":"2017-07-21T11:58:45","guid":{"rendered":"http:\/\/www.nutrisuin.nl\/kontakt\/"},"modified":"2018-03-30T16:09:30","modified_gmt":"2018-03-30T14:09:30","slug":"kontakt","status":"publish","type":"page","link":"https:\/\/www.nutrisuin.nl\/de\/kontakt\/","title":{"rendered":"Kontakt"},"content":{"rendered":"<h1>\n\t\t<strong>Kontaktieren<\/strong> Sie Uns<br \/>\n\t<\/h1>\n<p>\t\t\t<a href=\"http:\/\/www.nutrisuin.nl\/de\/\" target=\"_self\" role=\"button\"><br \/>\n\t\t\t\t\t\t\t<strong>Feeding<\/strong> your profit<br \/>\n\t\t\t\t\t<\/a><\/p>\n<h3>\n\t\tKontaktieren Sie Uns<br \/>\n\t<\/h3>\n<p>Wenn Sie mehr Informationen w\u00fcnschen, eine Frage haben oder einen Kommentar hinterlassen m\u00f6chten, f\u00fcllen Sie bitte das folgende Formular aus, und wir werden Sie so schnell wie m\u00f6glich kontaktieren.<\/p>\n<p>Bitte f\u00fcllen Sie alle erforderlichen Felder aus (*).<\/p>\n<h3>\n\t\t<\/h3>\n<\/p>\n<form action=\"\/de\/kontakt\/?fl_builder#wpcf7-f1402-o1\" method=\"post\" novalidate=\"novalidate\">\n<input type=\"hidden\" name=\"_wpcf7\" value=\"1402\" \/><br \/>\n<input type=\"hidden\" name=\"_wpcf7_version\" value=\"5.0.1\" \/><br \/>\n<input type=\"hidden\" name=\"_wpcf7_locale\" value=\"nl_NL\" \/><br \/>\n<input type=\"hidden\" name=\"_wpcf7_unit_tag\" value=\"wpcf7-f1402-o1\" \/><br \/>\n<input type=\"hidden\" name=\"_wpcf7_container_post\" value=\"0\" \/><\/p>\n<p>Ich w\u00fcnsche: <input type=\"radio\" name=\"IWouldlike\" value=\"Kontakt\" checked=\"checked\" \/>Kontakt<input type=\"radio\" name=\"IWouldlike\" value=\"Termin\" \/>Termin<input type=\"radio\" name=\"IWouldlike\" value=\"Kostenvoranschlag\" \/>Kostenvoranschlag<\/p>\n<p>\n    <input type=\"text\" name=\"your-name\" value=\"\" size=\"40\" aria-required=\"true\" aria-invalid=\"false\" placeholder=\"Name (* Erforderlich )\" \/> <\/p>\n<p>\n    <input type=\"text\" name=\"company\" value=\"\" size=\"40\" aria-invalid=\"false\" placeholder=\"Firmenname\" \/> <\/p>\n<p>\n    <input type=\"tel\" name=\"telephonenumber\" value=\"\" size=\"40\" aria-invalid=\"false\" placeholder=\"Telefonnummer\" \/> <\/p>\n<p>\n    <input type=\"email\" name=\"your-email\" value=\"\" size=\"40\" aria-required=\"true\" aria-invalid=\"false\" placeholder=\"E-mail (* Erforderlich )\" \/> <\/p>\n<p>\n    <input type=\"text\" name=\"Adress\" value=\"\" size=\"40\" aria-invalid=\"false\" placeholder=\"Adresse\" \/> <\/p>\n<p>\n    <input type=\"text\" name=\"Postal\" value=\"\" size=\"40\" aria-invalid=\"false\" placeholder=\"Postleitzahl\" \/> <\/p>\n<p>\n    <input type=\"text\" name=\"City\" value=\"\" size=\"40\" aria-invalid=\"false\" placeholder=\"Stadt\" \/> <\/p>\n<p>\n    <select name=\"Country\" aria-invalid=\"false\"><option value=\"Land\">Land<\/option><option value=\"Afghanistan\">Afghanistan<\/option><option value=\"Albania\">Albania<\/option><option value=\"Algeria\">Algeria<\/option><option value=\"Andorra\">Andorra<\/option><option value=\"Angola\">Angola<\/option><option value=\"Antigua and Barbuda\">Antigua and Barbuda<\/option><option value=\"Argentina\">Argentina<\/option><option value=\"Armenia\">Armenia<\/option><option value=\"Australia\">Australia<\/option><option value=\"Austria\">Austria<\/option><option value=\"Azerbaijan\">Azerbaijan<\/option><option value=\"Bahamas\">Bahamas<\/option><option value=\"Bahrain\">Bahrain<\/option><option value=\"Bangladesh\">Bangladesh<\/option><option value=\"Barbados\">Barbados<\/option><option value=\"Belarus\">Belarus<\/option><option value=\"Belgium\">Belgium<\/option><option value=\"Belize\">Belize<\/option><option value=\"Benin\">Benin<\/option><option value=\"Bhutan\">Bhutan<\/option><option value=\"Bolivia\">Bolivia<\/option><option value=\"Bosnia and Herzegovina\">Bosnia and Herzegovina<\/option><option value=\"Botswana\">Botswana<\/option><option value=\"Brazil\">Brazil<\/option><option value=\"Brunei\">Brunei<\/option><option value=\"Bulgaria\">Bulgaria<\/option><option value=\"Burkina Faso\">Burkina Faso<\/option><option value=\"Burundi\">Burundi<\/option><option value=\"Cabo Verde\">Cabo Verde<\/option><option value=\"Cambodia\">Cambodia<\/option><option value=\"Cameroon\">Cameroon<\/option><option value=\"Canada\">Canada<\/option><option value=\"Central African Republic (CAR)\">Central African Republic (CAR)<\/option><option value=\"Chad\">Chad<\/option><option value=\"Chile\">Chile<\/option><option value=\"China\">China<\/option><option value=\"Colombia\">Colombia<\/option><option value=\"Comoros\">Comoros<\/option><option value=\"Costa Rica\">Costa Rica<\/option><option value=\"Cote d&#039;Ivoire\">Cote d&#039;Ivoire<\/option><option value=\"Croatia\">Croatia<\/option><option value=\"Cuba\">Cuba<\/option><option value=\"Cyprus\">Cyprus<\/option><option value=\"Czech Republic\">Czech Republic<\/option><option value=\"Denmark\">Denmark<\/option><option value=\"Djibouti\">Djibouti<\/option><option value=\"Dominica\">Dominica<\/option><option value=\"Dominican Republic\">Dominican Republic<\/option><option value=\"Ecuador\">Ecuador<\/option><option value=\"Egypt\">Egypt<\/option><option value=\"El Salvador\">El Salvador<\/option><option value=\"Equatorial Guinea\">Equatorial Guinea<\/option><option value=\"Eritrea\">Eritrea<\/option><option value=\"Estonia\">Estonia<\/option><option value=\"Ethiopia\">Ethiopia<\/option><option value=\"Fiji\">Fiji<\/option><option value=\"Finland\">Finland<\/option><option value=\"France\">France<\/option><option value=\"Gabon\">Gabon<\/option><option value=\"Gambia\">Gambia<\/option><option value=\"Georgia\">Georgia<\/option><option value=\"Germany\">Germany<\/option><option value=\"Ghana\">Ghana<\/option><option value=\"Greece\">Greece<\/option><option value=\"Grenada\">Grenada<\/option><option value=\"Guatemala\">Guatemala<\/option><option value=\"Guinea\">Guinea<\/option><option value=\"Guinea-Bissau\">Guinea-Bissau<\/option><option value=\"Guyana\">Guyana<\/option><option value=\"Haiti\">Haiti<\/option><option value=\"Honduras\">Honduras<\/option><option value=\"Hungary\">Hungary<\/option><option value=\"Iceland\">Iceland<\/option><option value=\"India\">India<\/option><option value=\"Indonesia\">Indonesia<\/option><option value=\"Iran\">Iran<\/option><option value=\"Iraq\">Iraq<\/option><option value=\"Ireland\">Ireland<\/option><option value=\"Israel\">Israel<\/option><option value=\"Italy\">Italy<\/option><option value=\"Jamaica\">Jamaica<\/option><option value=\"Japan\">Japan<\/option><option value=\"Jordan\">Jordan<\/option><option value=\"Kazakhstan\">Kazakhstan<\/option><option value=\"Kenya\">Kenya<\/option><option value=\"Kiribati\">Kiribati<\/option><option value=\"Kosovo\">Kosovo<\/option><option value=\"Kuwait\">Kuwait<\/option><option value=\"Kyrgyzstan\">Kyrgyzstan<\/option><option value=\"Laos\">Laos<\/option><option value=\"Latvia\">Latvia<\/option><option value=\"Lebanon\">Lebanon<\/option><option value=\"Lesotho\">Lesotho<\/option><option value=\"Liberia\">Liberia<\/option><option value=\"Libya\">Libya<\/option><option value=\"Liechtenstein\">Liechtenstein<\/option><option value=\"Lithuania\">Lithuania<\/option><option value=\"Luxembourg\">Luxembourg<\/option><option value=\"Macedonia\">Macedonia<\/option><option value=\"Madagascar\">Madagascar<\/option><option value=\"Malawi\">Malawi<\/option><option value=\"Malaysia\">Malaysia<\/option><option value=\"Maldives\">Maldives<\/option><option value=\"Mali\">Mali<\/option><option value=\"Malta\">Malta<\/option><option value=\"Marshall Islands\">Marshall Islands<\/option><option value=\"Mauritania\">Mauritania<\/option><option value=\"Mauritius\">Mauritius<\/option><option value=\"Mexico\">Mexico<\/option><option value=\"Micronesia\">Micronesia<\/option><option value=\"Moldova\">Moldova<\/option><option value=\"Monaco\">Monaco<\/option><option value=\"Mongolia\">Mongolia<\/option><option value=\"Montenegro\">Montenegro<\/option><option value=\"Morocco\">Morocco<\/option><option value=\"Mozambique\">Mozambique<\/option><option value=\"Myanmar (Burma)\">Myanmar (Burma)<\/option><option value=\"Namibia\">Namibia<\/option><option value=\"Nauru\">Nauru<\/option><option value=\"Nepal\">Nepal<\/option><option value=\"Netherlands\">Netherlands<\/option><option value=\"New Zealand\">New Zealand<\/option><option value=\"Nicaragua\">Nicaragua<\/option><option value=\"Niger\">Niger<\/option><option value=\"Nigeria\">Nigeria<\/option><option value=\"North Korea\">North Korea<\/option><option value=\"Norway\">Norway<\/option><option value=\"Oman\">Oman<\/option><option value=\"Pakistan\">Pakistan<\/option><option value=\"Palau\">Palau<\/option><option value=\"Palestine\">Palestine<\/option><option value=\"Panama\">Panama<\/option><option value=\"Papua New Guinea\">Papua New Guinea<\/option><option value=\"Paraguay\">Paraguay<\/option><option value=\"Peru\">Peru<\/option><option value=\"Philippines\">Philippines<\/option><option value=\"Poland\">Poland<\/option><option value=\"Portugal\">Portugal<\/option><option value=\"Qatar\">Qatar<\/option><option value=\"Romania\">Romania<\/option><option value=\"Russia\">Russia<\/option><option value=\"Rwanda\">Rwanda<\/option><option value=\"Saint Kitts and Nevis\">Saint Kitts and Nevis<\/option><option value=\"Saint Lucia\">Saint Lucia<\/option><option value=\"Saint Vincent and the Grenadines\">Saint Vincent and the Grenadines<\/option><option value=\"Samoa\">Samoa<\/option><option value=\"San Marino\">San Marino<\/option><option value=\"Sao Tome and Principe\">Sao Tome and Principe<\/option><option value=\"Saudi Arabia\">Saudi Arabia<\/option><option value=\"Senegal\">Senegal<\/option><option value=\"Serbia\">Serbia<\/option><option value=\"Seychelles\">Seychelles<\/option><option value=\"Sierra Leone\">Sierra Leone<\/option><option value=\"Singapore\">Singapore<\/option><option value=\"Slovakia\">Slovakia<\/option><option value=\"Slovenia\">Slovenia<\/option><option value=\"Solomon Islands\">Solomon Islands<\/option><option value=\"Somalia\">Somalia<\/option><option value=\"South Africa\">South Africa<\/option><option value=\"South Korea\">South Korea<\/option><option value=\"South Sudan\">South Sudan<\/option><option value=\"Spain\">Spain<\/option><option value=\"Sri Lanka\">Sri Lanka<\/option><option value=\"Sudan\">Sudan<\/option><option value=\"Suriname\">Suriname<\/option><option value=\"Swaziland\">Swaziland<\/option><option value=\"Sweden\">Sweden<\/option><option value=\"Switzerland\">Switzerland<\/option><option value=\"Syria\">Syria<\/option><option value=\"Taiwan\">Taiwan<\/option><option value=\"Tajikistan\">Tajikistan<\/option><option value=\"Tanzania\">Tanzania<\/option><option value=\"Thailand\">Thailand<\/option><option value=\"Timor-Leste\">Timor-Leste<\/option><option value=\"Togo\">Togo<\/option><option value=\"Tonga\">Tonga<\/option><option value=\"Trinidad and Tobago\">Trinidad and Tobago<\/option><option value=\"Tunisia\">Tunisia<\/option><option value=\"Turkey\">Turkey<\/option><option value=\"Turkmenistan\">Turkmenistan<\/option><option value=\"Tuvalu\">Tuvalu<\/option><option value=\"Uganda\">Uganda<\/option><option value=\"Ukraine\">Ukraine<\/option><option value=\"United Arab Emirates (UAE)\">United Arab Emirates (UAE)<\/option><option value=\"United Kingdom (UK)\">United Kingdom (UK)<\/option><option value=\"United States of America (USA)\">United States of America (USA)<\/option><option value=\"Uruguay\">Uruguay<\/option><option value=\"Uzbekistan\">Uzbekistan<\/option><option value=\"Vanuatu\">Vanuatu<\/option><option value=\"Vatican City (Holy See)\">Vatican City (Holy See)<\/option><option value=\"Venezuela\">Venezuela<\/option><option value=\"Vietnam\">Vietnam<\/option><option value=\"Yemen\">Yemen<\/option><option value=\"Zambia\">Zambia<\/option><option value=\"Zimbabwe\">Zimbabwe<\/option><\/select> <\/p>\n<p>\n    <textarea name=\"your-message\" cols=\"40\" rows=\"10\" aria-required=\"true\" aria-invalid=\"false\" placeholder=\"Frage (* Erforderlich )\"><\/textarea> <\/p>\n<p>Wie haben Sie von uns erfahren?  <select name=\"hear\" aria-invalid=\"false\"><option value=\"Ausw\u00e4hlen\">Ausw\u00e4hlen<\/option><option value=\"\u00dcber das internet\">\u00dcber das internet<\/option><option value=\"Durch die medien\">Durch die medien<\/option><option value=\"Durch eine Bekannte\">Durch eine Bekannte<\/option><option value=\"War schon mit NutriSuin vertraut\">War schon mit NutriSuin vertraut<\/option><\/select> <\/p>\n<p><input type=\"submit\" value=\"Senden\" \/><\/p>\n<\/form>\n<h3>\n\t\tBrauchen Sie hilfe?<br \/>\n\t<\/h3>\n<p>M\u00f6chten Sie mehr \u00fcber uns und unsere Produkte wissen? Z\u00f6gern Sie nicht uns zu kontaktieren: <strong>+4932221092933<\/strong> oder senden Sie uns eine e-Mail: <strong>info@NutriSuin.com<\/strong>.<br \/>\nM\u00f6chten Sie einen unserer Dienste nutzen? Tragen Sie sich auf diesem Formular ein. Einer unserer Spezialisten wird Sie so schnell wie m\u00f6glich kontaktieren.<\/p>\n<h2>\n\t\t+49 32221092933<br \/>\n\t<\/h2>\n<h3>\n\t\t\u00dcber Uns<br \/>\n\t<\/h3>\n<p>Wir sind stolz, dass wir eine \u00fcber 35 j\u00e4hrige praktische Erfahrung im Schweinsektor vorweisen k\u00f6nnen. Unsere einfach anzuwendende F\u00fctterungsstrategie f\u00fcr Saugferkel liefert eine solide Grundlage f\u00fcr problemlose, und profitable Schweine.<br \/>\nDies sowohl f\u00fcr Z\u00fcchter, deren Ziel eine effiziente und kosteng\u00fcnstige Ferkelproduktion ist, als auch f\u00fcr Landwirte die sich starke und qualitativ hochwertige Ferkel w\u00fcnschen.<\/p>\n<h4>FEEDING YOUR PROFIT, UNSER MOTTO K\u00d6NNTE NICHT AUSSAGEKR\u00c4FTIGER SEIN! FUTTER F\u00dcR IHREN PROFIT.<\/h4>\n","protected":false},"excerpt":{"rendered":"<p>Kontaktieren Sie Uns Feeding your profit Kontaktieren Sie Uns Wenn Sie mehr Informationen w\u00fcnschen, eine Frage haben oder einen Kommentar hinterlassen m\u00f6chten, f\u00fcllen Sie bitte das folgende Formular aus, und&hellip;<\/p>\n","protected":false},"author":1,"featured_media":0,"parent":0,"menu_order":0,"comment_status":"closed","ping_status":"closed","template":"","meta":{"_acf_changed":false,"footnotes":""},"class_list":["post-772","page","type-page","status-publish","hentry"],"acf":[],"yoast_head":"<!-- This site is optimized with the Yoast SEO plugin v27.3 - https:\/\/yoast.com\/product\/yoast-seo-wordpress\/ -->\n<title>Kontakt - NutriSuin<\/title>\n<meta name=\"robots\" content=\"index, follow, max-snippet:-1, max-image-preview:large, max-video-preview:-1\" \/>\n<link rel=\"canonical\" href=\"https:\/\/www.nutrisuin.nl\/de\/kontakt\/\" \/>\n<meta property=\"og:locale\" content=\"de_DE\" \/>\n<meta property=\"og:type\" content=\"article\" \/>\n<meta property=\"og:title\" content=\"Kontakt - NutriSuin\" \/>\n<meta property=\"og:description\" content=\"Kontaktieren Sie Uns Feeding your profit Kontaktieren Sie Uns Wenn Sie mehr Informationen w\u00fcnschen, eine Frage haben oder einen Kommentar hinterlassen m\u00f6chten, f\u00fcllen Sie bitte das folgende Formular aus, und&hellip;\" \/>\n<meta property=\"og:url\" content=\"https:\/\/www.nutrisuin.nl\/de\/kontakt\/\" \/>\n<meta property=\"og:site_name\" content=\"NutriSuin\" \/>\n<meta property=\"article:modified_time\" content=\"2018-03-30T14:09:30+00:00\" \/>\n<meta name=\"twitter:card\" content=\"summary_large_image\" \/>\n<meta name=\"twitter:label1\" content=\"Gesch\u00e4tzte Lesezeit\" \/>\n\t<meta name=\"twitter:data1\" content=\"1\u00a0Minute\" \/>\n<script type=\"application\/ld+json\" class=\"yoast-schema-graph\">{\"@context\":\"https:\\\/\\\/schema.org\",\"@graph\":[{\"@type\":\"WebPage\",\"@id\":\"https:\\\/\\\/www.nutrisuin.nl\\\/de\\\/kontakt\\\/\",\"url\":\"https:\\\/\\\/www.nutrisuin.nl\\\/de\\\/kontakt\\\/\",\"name\":\"Kontakt - NutriSuin\",\"isPartOf\":{\"@id\":\"https:\\\/\\\/www.nutrisuin.nl\\\/#website\"},\"datePublished\":\"2017-07-21T11:58:45+00:00\",\"dateModified\":\"2018-03-30T14:09:30+00:00\",\"breadcrumb\":{\"@id\":\"https:\\\/\\\/www.nutrisuin.nl\\\/de\\\/kontakt\\\/#breadcrumb\"},\"inLanguage\":\"de\",\"potentialAction\":[{\"@type\":\"ReadAction\",\"target\":[\"https:\\\/\\\/www.nutrisuin.nl\\\/de\\\/kontakt\\\/\"]}]},{\"@type\":\"BreadcrumbList\",\"@id\":\"https:\\\/\\\/www.nutrisuin.nl\\\/de\\\/kontakt\\\/#breadcrumb\",\"itemListElement\":[{\"@type\":\"ListItem\",\"position\":1,\"name\":\"Home\",\"item\":\"https:\\\/\\\/www.nutrisuin.nl\\\/de\\\/\"},{\"@type\":\"ListItem\",\"position\":2,\"name\":\"Kontakt\"}]},{\"@type\":\"WebSite\",\"@id\":\"https:\\\/\\\/www.nutrisuin.nl\\\/#website\",\"url\":\"https:\\\/\\\/www.nutrisuin.nl\\\/\",\"name\":\"NutriSuin\",\"description\":\"Feeding your profit\",\"potentialAction\":[{\"@type\":\"SearchAction\",\"target\":{\"@type\":\"EntryPoint\",\"urlTemplate\":\"https:\\\/\\\/www.nutrisuin.nl\\\/?s={search_term_string}\"},\"query-input\":{\"@type\":\"PropertyValueSpecification\",\"valueRequired\":true,\"valueName\":\"search_term_string\"}}],\"inLanguage\":\"de\"}]}<\/script>\n<!-- \/ Yoast SEO plugin. -->","yoast_head_json":{"title":"Kontakt - NutriSuin","robots":{"index":"index","follow":"follow","max-snippet":"max-snippet:-1","max-image-preview":"max-image-preview:large","max-video-preview":"max-video-preview:-1"},"canonical":"https:\/\/www.nutrisuin.nl\/de\/kontakt\/","og_locale":"de_DE","og_type":"article","og_title":"Kontakt - NutriSuin","og_description":"Kontaktieren Sie Uns Feeding your profit Kontaktieren Sie Uns Wenn Sie mehr Informationen w\u00fcnschen, eine Frage haben oder einen Kommentar hinterlassen m\u00f6chten, f\u00fcllen Sie bitte das folgende Formular aus, und&hellip;","og_url":"https:\/\/www.nutrisuin.nl\/de\/kontakt\/","og_site_name":"NutriSuin","article_modified_time":"2018-03-30T14:09:30+00:00","twitter_card":"summary_large_image","twitter_misc":{"Gesch\u00e4tzte Lesezeit":"1\u00a0Minute"},"schema":{"@context":"https:\/\/schema.org","@graph":[{"@type":"WebPage","@id":"https:\/\/www.nutrisuin.nl\/de\/kontakt\/","url":"https:\/\/www.nutrisuin.nl\/de\/kontakt\/","name":"Kontakt - NutriSuin","isPartOf":{"@id":"https:\/\/www.nutrisuin.nl\/#website"},"datePublished":"2017-07-21T11:58:45+00:00","dateModified":"2018-03-30T14:09:30+00:00","breadcrumb":{"@id":"https:\/\/www.nutrisuin.nl\/de\/kontakt\/#breadcrumb"},"inLanguage":"de","potentialAction":[{"@type":"ReadAction","target":["https:\/\/www.nutrisuin.nl\/de\/kontakt\/"]}]},{"@type":"BreadcrumbList","@id":"https:\/\/www.nutrisuin.nl\/de\/kontakt\/#breadcrumb","itemListElement":[{"@type":"ListItem","position":1,"name":"Home","item":"https:\/\/www.nutrisuin.nl\/de\/"},{"@type":"ListItem","position":2,"name":"Kontakt"}]},{"@type":"WebSite","@id":"https:\/\/www.nutrisuin.nl\/#website","url":"https:\/\/www.nutrisuin.nl\/","name":"NutriSuin","description":"Feeding your profit","potentialAction":[{"@type":"SearchAction","target":{"@type":"EntryPoint","urlTemplate":"https:\/\/www.nutrisuin.nl\/?s={search_term_string}"},"query-input":{"@type":"PropertyValueSpecification","valueRequired":true,"valueName":"search_term_string"}}],"inLanguage":"de"}]}},"_links":{"self":[{"href":"https:\/\/www.nutrisuin.nl\/de\/wp-json\/wp\/v2\/pages\/772","targetHints":{"allow":["GET"]}}],"collection":[{"href":"https:\/\/www.nutrisuin.nl\/de\/wp-json\/wp\/v2\/pages"}],"about":[{"href":"https:\/\/www.nutrisuin.nl\/de\/wp-json\/wp\/v2\/types\/page"}],"author":[{"embeddable":true,"href":"https:\/\/www.nutrisuin.nl\/de\/wp-json\/wp\/v2\/users\/1"}],"replies":[{"embeddable":true,"href":"https:\/\/www.nutrisuin.nl\/de\/wp-json\/wp\/v2\/comments?post=772"}],"version-history":[{"count":0,"href":"https:\/\/www.nutrisuin.nl\/de\/wp-json\/wp\/v2\/pages\/772\/revisions"}],"wp:attachment":[{"href":"https:\/\/www.nutrisuin.nl\/de\/wp-json\/wp\/v2\/media?parent=772"}],"curies":[{"name":"wp","href":"https:\/\/api.w.org\/{rel}","templated":true}]}}