{"id":852,"date":"2017-07-21T14:30:51","date_gmt":"2017-07-21T12:30:51","guid":{"rendered":"http:\/\/www.nutrisuin.nl\/uber-uns\/"},"modified":"2018-03-28T09:42:10","modified_gmt":"2018-03-28T07:42:10","slug":"uber-uns","status":"publish","type":"page","link":"https:\/\/www.nutrisuin.nl\/de\/uber-uns\/","title":{"rendered":"\u00dcber Uns"},"content":{"rendered":"<h1>\n\t\t<strong>\u00dcber<\/strong> Uns<br \/>\n\t<\/h1>\n<p>\t\t\t<a href=\"http:\/\/www.nutrisuin.nl\/de\/\" target=\"_self\" role=\"button\"><br \/>\n\t\t\t\t\t\t\t<strong>Feeding<\/strong> your profit<br \/>\n\t\t\t\t\t<\/a><\/p>\n<h1>\n\t\t<strong>\u00dcber<\/strong> Uns<br \/>\n\t<\/h1>\n<p>Wir sind stolz, dass wir eine \u00fcber 35 j\u00e4hrige praktische Erfahrung im Schweinsektor vorweisen k\u00f6nnen. Unsere einfach anzuwendende F\u00fctterungsstrategie f\u00fcr Saugferkel liefert eine solide Grundlage f\u00fcr problemlose, und profitable Schweine. Dies sowohl f\u00fcr Z\u00fcchter, deren Ziel eine effiziente und kosteng\u00fcnstige Ferkelproduktion ist, als auch f\u00fcr Landwirte die sich starke und qualitativ hochwertige Ferkel w\u00fcnschen.<\/p>\n<h3>\n\t\tFeeding your profit, unser motto k\u00f6nnte nicht aussagekr\u00e4ftiger sein! futter f\u00fcr ihren profit.<br \/>\n\t<\/h3>\n<p>\t\t\t<a href=\"https:\/\/www.nutrisuin.nl\/de\/produkte\/\" target=\"_self\" role=\"button\"><br \/>\n\t\t\t\t\t\t\tUnsere Produkte<br \/>\n\t\t\t\t\t<\/a><\/p>\n<h3>M\u00f6chten Sie heute noch anfangen?<\/h3>\n<p>Senden Sie uns eine Nachricht und wir werden mit Ihnen Kontakt aufnehmen!<\/p>\n<p>\t\t\t<a href=\"https:\/\/www.nutrisuin.nl\/de\/kontakt\/\" target=\"_self\" role=\"button\"><br \/>\n\t\t\t\t\t\t\tKontakt<br \/>\n\t\t\t\t\t<\/a><\/p>\n<h2>\n\t\t<strong>Unsere innovative F\u00fctterungsstrategie<\/strong> f\u00fcr<br \/> Ihre Ferkel:<br \/>\n\t<\/h2>\n<ul>\n<li>\n<h3>Praktisch<\/h3>\n<\/li>\n<li>\n<h3>Zielgerichtet<\/h3>\n<\/li>\n<li>\n<h3>Rentabel<\/h3>\n<\/li>\n<\/ul>\n<h2>\n\t\tWas erreichen Sie mit der  <strong>Nutri<\/strong>Suin F\u00fctterungsstrategie?<br \/>\n\t<\/h2>\n<ul>\n<li>\n<h3>Eine sorgenfreie Absetzperiode<\/h3>\n<\/li>\n<li>\n<h3>Qualit\u00e4tsferkel, die vor Gesundheit strotzen<\/h3>\n<\/li>\n<li>\n<h3>Vermindert die Verschwendung von teuren Futtermitteln nach dem Absetzen<\/h3>\n<\/li>\n<li>\n<h3>Hohe und gleichm\u00e4ssige Gewichte der Tiere bei der Ablieferung<\/h3>\n<\/li>\n<li>\n<h3>Ein problemloser und dar\u00fcber hinaus kosteng\u00fcnstiger Start in die Ferkelaufzucht, sowie ausgezeichnete wirtschaftliche Ergebnisse in der Mastleistung<\/h3>\n<\/li>\n<\/ul>\n<h4>\n\t\tDiverse Praxisresultate beweisen:<br \/>\n\t<\/h4>\n<h4>\n\t\tVor dem Absetzen:<br \/>\n\t<\/h4>\n<ul>\n<li>\n<h3>\u00dcber 500 Gramm Futteraufnahme und \u00fcber 500 Gramm mehr Ferkelgewicht<\/h3>\n<\/li>\n<\/ul>\n<h4>\n\t\tNach dem Absetzen:<br \/>\n\t<\/h4>\n<ul>\n<li>\n<h3>Alle Ferkel fressen innerhalb von 12 Stunden das erste Futter<\/h3>\n<\/li>\n<li>\n<h3>Tiefe Gesundheitskosten<\/h3>\n<\/li>\n<li>\n<h3>Tiefe Futterkosten durch besseren Futter Umsatz<\/h3>\n<\/li>\n<li>\n<h3>Zunahme von 1.5 kg 39 Tage nach dem Absetzen<\/h3>\n<\/li>\n<\/ul>\n<h2>\n\t\t<strong>Wir<\/strong> bieten:<br \/>\n\t<\/h2>\n<ul>\n<li>\n<h3>EINEN FIXPREIS F\u00dcR DAS NUTRISUIN GESAMTPAKET: <\/h3>\n<p>BabySuin + PreSuin + AutoSuin<\/p>\n<\/li>\n<li>\n<h3>KEINE \u00dcBERRASCHUNGEN<\/h3>\n<p>Sie wissen im Voraus was zu erwarten ist<\/p>\n<\/li>\n<li>\n<h3>GERINGE INVESTITIONSKOSTEN<\/h3>\n<p>und eine hervorragende Rendite<\/p>\n<\/li>\n<\/ul>\n<h4>\n\t\tMit der einfach anzuwendenden F\u00fctterungsstrategie von NutriSuin entwickeln sich Ihre Absetzer problemlos und wachsen mit der maximalen Kosteneffizienz zu \u00e4u\u00dferst rentablen Ferkeln und Masttieren heran.<br \/>\n\t<\/h4>\n<h3>M\u00f6chten sie mehr erfahren?<\/h3>\n<p>Rufen sie uns direkt an f\u00fcr ein unverbindliches Angebot!<\/p>\n<p>\t\t\t<a href=\"https:\/\/www.nutrisuin.nl\/de\/kontakt\/\" target=\"_self\" role=\"button\"><br \/>\n\t\t\t\t\t\t\tKlicken sie hier<br \/>\n\t\t\t\t\t<\/a><\/p>\n","protected":false},"excerpt":{"rendered":"<p>\u00dcber Uns Feeding your profit \u00dcber Uns Wir sind stolz, dass wir eine \u00fcber 35 j\u00e4hrige praktische Erfahrung im Schweinsektor vorweisen k\u00f6nnen. Unsere einfach anzuwendende F\u00fctterungsstrategie f\u00fcr Saugferkel liefert eine&hellip;<\/p>\n","protected":false},"author":1,"featured_media":1226,"parent":0,"menu_order":0,"comment_status":"closed","ping_status":"closed","template":"","meta":{"_acf_changed":false,"footnotes":""},"class_list":["post-852","page","type-page","status-publish","has-post-thumbnail","hentry"],"acf":[],"yoast_head":"<!-- This site is optimized with the Yoast SEO plugin v27.4 - https:\/\/yoast.com\/product\/yoast-seo-wordpress\/ -->\n<title>\u00dcber Uns - NutriSuin<\/title>\n<meta name=\"robots\" content=\"index, follow, max-snippet:-1, max-image-preview:large, max-video-preview:-1\" \/>\n<link rel=\"canonical\" href=\"https:\/\/www.nutrisuin.nl\/de\/uber-uns\/\" \/>\n<meta property=\"og:locale\" content=\"de_DE\" \/>\n<meta property=\"og:type\" content=\"article\" \/>\n<meta property=\"og:title\" content=\"\u00dcber Uns - NutriSuin\" \/>\n<meta property=\"og:description\" content=\"\u00dcber Uns Feeding your profit \u00dcber Uns Wir sind stolz, dass wir eine \u00fcber 35 j\u00e4hrige praktische Erfahrung im Schweinsektor vorweisen k\u00f6nnen. Unsere einfach anzuwendende F\u00fctterungsstrategie f\u00fcr Saugferkel liefert eine&hellip;\" \/>\n<meta property=\"og:url\" content=\"https:\/\/www.nutrisuin.nl\/de\/uber-uns\/\" \/>\n<meta property=\"og:site_name\" content=\"NutriSuin\" \/>\n<meta property=\"article:modified_time\" content=\"2018-03-28T07:42:10+00:00\" \/>\n<meta property=\"og:image\" content=\"https:\/\/www.nutrisuin.nl\/wp-content\/uploads\/TopAcid-899x1024.jpg\" \/>\n\t<meta property=\"og:image:width\" content=\"899\" \/>\n\t<meta property=\"og:image:height\" content=\"1024\" \/>\n\t<meta property=\"og:image:type\" content=\"image\/jpeg\" \/>\n<meta name=\"twitter:card\" content=\"summary_large_image\" \/>\n<meta name=\"twitter:label1\" content=\"Gesch\u00e4tzte Lesezeit\" \/>\n\t<meta name=\"twitter:data1\" content=\"1\u00a0Minute\" \/>\n<script type=\"application\/ld+json\" class=\"yoast-schema-graph\">{\"@context\":\"https:\\\/\\\/schema.org\",\"@graph\":[{\"@type\":\"WebPage\",\"@id\":\"https:\\\/\\\/www.nutrisuin.nl\\\/de\\\/uber-uns\\\/\",\"url\":\"https:\\\/\\\/www.nutrisuin.nl\\\/de\\\/uber-uns\\\/\",\"name\":\"\u00dcber Uns - NutriSuin\",\"isPartOf\":{\"@id\":\"https:\\\/\\\/www.nutrisuin.nl\\\/#website\"},\"primaryImageOfPage\":{\"@id\":\"https:\\\/\\\/www.nutrisuin.nl\\\/de\\\/uber-uns\\\/#primaryimage\"},\"image\":{\"@id\":\"https:\\\/\\\/www.nutrisuin.nl\\\/de\\\/uber-uns\\\/#primaryimage\"},\"thumbnailUrl\":\"https:\\\/\\\/www.nutrisuin.nl\\\/wp-content\\\/uploads\\\/TopAcid.jpg\",\"datePublished\":\"2017-07-21T12:30:51+00:00\",\"dateModified\":\"2018-03-28T07:42:10+00:00\",\"breadcrumb\":{\"@id\":\"https:\\\/\\\/www.nutrisuin.nl\\\/de\\\/uber-uns\\\/#breadcrumb\"},\"inLanguage\":\"de\",\"potentialAction\":[{\"@type\":\"ReadAction\",\"target\":[\"https:\\\/\\\/www.nutrisuin.nl\\\/de\\\/uber-uns\\\/\"]}]},{\"@type\":\"ImageObject\",\"inLanguage\":\"de\",\"@id\":\"https:\\\/\\\/www.nutrisuin.nl\\\/de\\\/uber-uns\\\/#primaryimage\",\"url\":\"https:\\\/\\\/www.nutrisuin.nl\\\/wp-content\\\/uploads\\\/TopAcid.jpg\",\"contentUrl\":\"https:\\\/\\\/www.nutrisuin.nl\\\/wp-content\\\/uploads\\\/TopAcid.jpg\",\"width\":5402,\"height\":6152},{\"@type\":\"BreadcrumbList\",\"@id\":\"https:\\\/\\\/www.nutrisuin.nl\\\/de\\\/uber-uns\\\/#breadcrumb\",\"itemListElement\":[{\"@type\":\"ListItem\",\"position\":1,\"name\":\"Home\",\"item\":\"https:\\\/\\\/www.nutrisuin.nl\\\/de\\\/\"},{\"@type\":\"ListItem\",\"position\":2,\"name\":\"\u00dcber Uns\"}]},{\"@type\":\"WebSite\",\"@id\":\"https:\\\/\\\/www.nutrisuin.nl\\\/#website\",\"url\":\"https:\\\/\\\/www.nutrisuin.nl\\\/\",\"name\":\"NutriSuin\",\"description\":\"Feeding your profit\",\"potentialAction\":[{\"@type\":\"SearchAction\",\"target\":{\"@type\":\"EntryPoint\",\"urlTemplate\":\"https:\\\/\\\/www.nutrisuin.nl\\\/?s={search_term_string}\"},\"query-input\":{\"@type\":\"PropertyValueSpecification\",\"valueRequired\":true,\"valueName\":\"search_term_string\"}}],\"inLanguage\":\"de\"}]}<\/script>\n<!-- \/ Yoast SEO plugin. -->","yoast_head_json":{"title":"\u00dcber Uns - NutriSuin","robots":{"index":"index","follow":"follow","max-snippet":"max-snippet:-1","max-image-preview":"max-image-preview:large","max-video-preview":"max-video-preview:-1"},"canonical":"https:\/\/www.nutrisuin.nl\/de\/uber-uns\/","og_locale":"de_DE","og_type":"article","og_title":"\u00dcber Uns - NutriSuin","og_description":"\u00dcber Uns Feeding your profit \u00dcber Uns Wir sind stolz, dass wir eine \u00fcber 35 j\u00e4hrige praktische Erfahrung im Schweinsektor vorweisen k\u00f6nnen. Unsere einfach anzuwendende F\u00fctterungsstrategie f\u00fcr Saugferkel liefert eine&hellip;","og_url":"https:\/\/www.nutrisuin.nl\/de\/uber-uns\/","og_site_name":"NutriSuin","article_modified_time":"2018-03-28T07:42:10+00:00","og_image":[{"width":899,"height":1024,"url":"https:\/\/www.nutrisuin.nl\/wp-content\/uploads\/TopAcid-899x1024.jpg","type":"image\/jpeg"}],"twitter_card":"summary_large_image","twitter_misc":{"Gesch\u00e4tzte Lesezeit":"1\u00a0Minute"},"schema":{"@context":"https:\/\/schema.org","@graph":[{"@type":"WebPage","@id":"https:\/\/www.nutrisuin.nl\/de\/uber-uns\/","url":"https:\/\/www.nutrisuin.nl\/de\/uber-uns\/","name":"\u00dcber Uns - NutriSuin","isPartOf":{"@id":"https:\/\/www.nutrisuin.nl\/#website"},"primaryImageOfPage":{"@id":"https:\/\/www.nutrisuin.nl\/de\/uber-uns\/#primaryimage"},"image":{"@id":"https:\/\/www.nutrisuin.nl\/de\/uber-uns\/#primaryimage"},"thumbnailUrl":"https:\/\/www.nutrisuin.nl\/wp-content\/uploads\/TopAcid.jpg","datePublished":"2017-07-21T12:30:51+00:00","dateModified":"2018-03-28T07:42:10+00:00","breadcrumb":{"@id":"https:\/\/www.nutrisuin.nl\/de\/uber-uns\/#breadcrumb"},"inLanguage":"de","potentialAction":[{"@type":"ReadAction","target":["https:\/\/www.nutrisuin.nl\/de\/uber-uns\/"]}]},{"@type":"ImageObject","inLanguage":"de","@id":"https:\/\/www.nutrisuin.nl\/de\/uber-uns\/#primaryimage","url":"https:\/\/www.nutrisuin.nl\/wp-content\/uploads\/TopAcid.jpg","contentUrl":"https:\/\/www.nutrisuin.nl\/wp-content\/uploads\/TopAcid.jpg","width":5402,"height":6152},{"@type":"BreadcrumbList","@id":"https:\/\/www.nutrisuin.nl\/de\/uber-uns\/#breadcrumb","itemListElement":[{"@type":"ListItem","position":1,"name":"Home","item":"https:\/\/www.nutrisuin.nl\/de\/"},{"@type":"ListItem","position":2,"name":"\u00dcber Uns"}]},{"@type":"WebSite","@id":"https:\/\/www.nutrisuin.nl\/#website","url":"https:\/\/www.nutrisuin.nl\/","name":"NutriSuin","description":"Feeding your profit","potentialAction":[{"@type":"SearchAction","target":{"@type":"EntryPoint","urlTemplate":"https:\/\/www.nutrisuin.nl\/?s={search_term_string}"},"query-input":{"@type":"PropertyValueSpecification","valueRequired":true,"valueName":"search_term_string"}}],"inLanguage":"de"}]}},"_links":{"self":[{"href":"https:\/\/www.nutrisuin.nl\/de\/wp-json\/wp\/v2\/pages\/852","targetHints":{"allow":["GET"]}}],"collection":[{"href":"https:\/\/www.nutrisuin.nl\/de\/wp-json\/wp\/v2\/pages"}],"about":[{"href":"https:\/\/www.nutrisuin.nl\/de\/wp-json\/wp\/v2\/types\/page"}],"author":[{"embeddable":true,"href":"https:\/\/www.nutrisuin.nl\/de\/wp-json\/wp\/v2\/users\/1"}],"replies":[{"embeddable":true,"href":"https:\/\/www.nutrisuin.nl\/de\/wp-json\/wp\/v2\/comments?post=852"}],"version-history":[{"count":0,"href":"https:\/\/www.nutrisuin.nl\/de\/wp-json\/wp\/v2\/pages\/852\/revisions"}],"wp:featuredmedia":[{"embeddable":true,"href":"https:\/\/www.nutrisuin.nl\/de\/wp-json\/wp\/v2\/media\/1226"}],"wp:attachment":[{"href":"https:\/\/www.nutrisuin.nl\/de\/wp-json\/wp\/v2\/media?parent=852"}],"curies":[{"name":"wp","href":"https:\/\/api.w.org\/{rel}","templated":true}]}}