{"id":678,"date":"2017-07-21T13:21:57","date_gmt":"2017-07-21T11:21:57","guid":{"rendered":"http:\/\/www.nutrisuin.nl\/home\/"},"modified":"2019-07-05T17:36:10","modified_gmt":"2019-07-05T15:36:10","slug":"home-es","status":"publish","type":"page","link":"https:\/\/www.nutrisuin.nl\/es\/","title":{"rendered":"Home"},"content":{"rendered":"\n<h1>\n\t\tNutriSuin\n\t<\/h1>\n<h2>\n\t\t<strong>Alimentando su beneficio;<\/strong> nuestro lema no podr\u00eda ser m\u00e1s claro!\n\t<\/h2>\n\t\t\t<a href=\"http:\/\/www.nutrisuin.nl\/es\/\" target=\"_self\" role=\"button\" rel=\"noopener noreferrer\">\n\t\t\t\t\t\t\t<strong>Feeding<\/strong> your profit\n\t\t\t\t\t<\/a>\n\t<p>NutriSuin es una empresa joven, llena de experiencia pr\u00e1ctica. Nuestra estrategia de alimentaci\u00f3n para sus lechones es:<\/p>\n\t<ul>\n\t\t\t<li>\n\t\t\t\tPractico\n\t\t\t<\/li>\n\t\t\t<li>\n\t\t\t\tDirigido\n\t\t\t<\/li>\n\t\t\t<li>\n\t\t\t\tRentable\n\t\t\t<\/li>\n\t\t<\/ul>\n\t<p>Con toda la confianza podemos destacar el hecho de tener m\u00e1s de 35 a\u00f1os de conocimiento y experiencia en el sector porc\u00edcola. Nuestra estrategia alimenticia f\u00e1cil de usar para lechones lactantes propone fundamentos s\u00f3lidos para obtener alta rentabilidad en la crianza de sus animales. Esto tanto para los productores apuntando hac\u00eda la eficiencia de producci\u00f3n con un mejor costo-beneficio, como para los porcicultores buscando lechones fuertes y de alta calidad.<\/p>\n\t\t\t<a href=\"http:\/\/www.nutrisuin.nl\/es\/productos\/\" target=\"_self\" role=\"button\" rel=\"noopener noreferrer\">\n\t\t\t\t\t\t\tNuestros productos\n\t\t\t\t\t<\/a>\n<h3>\n\t\tAlimentando su beneficio; nuestro lema no podr\u00eda ser m\u00e1s claro!\n\t<\/h3>\n<h1>\n\t\t<strong>Productos<\/strong> recomendados\n\t<\/h1>\n\t<meta itemscope=\"\" itemprop=\"mainEntityOfPage\" itemtype=\"https:\/\/schema.org\/WebPage\" itemid=\"https:\/\/www.nutrisuin.nl\/es\/productos\/autosuin\/\" content=\"AutoSuin\"><meta itemprop=\"datePublished\" content=\"2017-12-10\"><meta itemprop=\"dateModified\" content=\"2018-03-26\"><meta itemprop=\"name\" content=\"NutriSuin\"><meta itemprop=\"url\" content=\"http:\/\/www.nutrisuin.nl\/wp-content\/uploads\/Logo_NutriSuin_header.png\"><meta itemprop=\"url\" content=\"https:\/\/www.nutrisuin.nl\/es\/author\/admin\/\"><meta itemprop=\"name\" content=\"admin\"><meta itemprop=\"url\" content=\"https:\/\/www.nutrisuin.nl\/wp-content\/uploads\/Autosuin_Presuin_BabySuin_2018_blok_crop2.jpg\"><meta itemprop=\"width\" content=\"3564\"><meta itemprop=\"height\" content=\"3924\"><meta itemprop=\"interactionType\" content=\"https:\/\/schema.org\/CommentAction\"><meta itemprop=\"userInteractionCount\" content=\"0\">\t\n\t<h3 itemprop=\"headline\">\n\t\t\t\t\tAutoSuin\t\t\t<\/h3>\n\t\t\t\t<a href=\"https:\/\/www.nutrisuin.nl\/es\/artikelen\/autosuin\/\" target=\"_self\" itemprop=\"url\" rel=\"noopener noreferrer\">\n\t\t\t\t<img decoding=\"async\" src=\"https:\/\/www.nutrisuin.nl\/wp-content\/uploads\/\/Autosuin_Presuin_BabySuin_2018_blok_crop2-340x340.jpg\" alt=\"\t\" itemprop=\"image\" data-no-lazy=\"1\" height=\"340\" width=\"340\" title=\"Autosuin_Presuin_BabySuin_2018_blok_crop2\" onerror=\"this.style.display='none'\">\n\t\t\t\t<\/a>\n\t<meta itemscope=\"\" itemprop=\"mainEntityOfPage\" itemtype=\"https:\/\/schema.org\/WebPage\" itemid=\"https:\/\/www.nutrisuin.nl\/es\/productos\/babysuin\/\" content=\"BabySuin\"><meta itemprop=\"datePublished\" content=\"2017-12-11\"><meta itemprop=\"dateModified\" content=\"2018-11-21\"><meta itemprop=\"name\" content=\"NutriSuin\"><meta itemprop=\"url\" content=\"http:\/\/www.nutrisuin.nl\/wp-content\/uploads\/Logo_NutriSuin_header.png\"><meta itemprop=\"url\" content=\"https:\/\/www.nutrisuin.nl\/es\/author\/admin\/\"><meta itemprop=\"name\" content=\"admin\"><meta itemprop=\"url\" content=\"https:\/\/www.nutrisuin.nl\/wp-content\/uploads\/babysuin.jpg\"><meta itemprop=\"width\" content=\"300\"><meta itemprop=\"height\" content=\"300\"><meta itemprop=\"interactionType\" content=\"https:\/\/schema.org\/CommentAction\"><meta itemprop=\"userInteractionCount\" content=\"0\">\t\n\t<h3 itemprop=\"headline\">\n\t\t\t\t\tBabySuin\t\t\t<\/h3>\n\t\t\t\t<a href=\"https:\/\/www.nutrisuin.nl\/es\/artikelen\/babysuin\/\" target=\"_self\" itemprop=\"url\" rel=\"noopener noreferrer\">\n\t\t\t\t<img decoding=\"async\" src=\"https:\/\/www.nutrisuin.nl\/wp-content\/uploads\/babysuin.jpg\" alt=\"babysuin\" itemprop=\"image\" data-no-lazy=\"1\" height=\"300\" width=\"300\" title=\"babysuin\" onerror=\"this.style.display='none'\">\n\t\t\t\t<\/a>\n\t<meta itemscope=\"\" itemprop=\"mainEntityOfPage\" itemtype=\"https:\/\/schema.org\/WebPage\" itemid=\"https:\/\/www.nutrisuin.nl\/es\/productos\/presuin\/\" content=\"PreSuin\"><meta itemprop=\"datePublished\" content=\"2017-12-12\"><meta itemprop=\"dateModified\" content=\"2018-11-21\"><meta itemprop=\"name\" content=\"NutriSuin\"><meta itemprop=\"url\" content=\"http:\/\/www.nutrisuin.nl\/wp-content\/uploads\/Logo_NutriSuin_header.png\"><meta itemprop=\"url\" content=\"https:\/\/www.nutrisuin.nl\/es\/author\/admin\/\"><meta itemprop=\"name\" content=\"admin\"><meta itemprop=\"url\" content=\"https:\/\/www.nutrisuin.nl\/wp-content\/uploads\/presuin.jpg\"><meta itemprop=\"width\" content=\"300\"><meta itemprop=\"height\" content=\"300\"><meta itemprop=\"interactionType\" content=\"https:\/\/schema.org\/CommentAction\"><meta itemprop=\"userInteractionCount\" content=\"0\">\t\n\t<h3 itemprop=\"headline\">\n\t\t\t\t\tPreSuin\t\t\t<\/h3>\n\t\t\t\t<a href=\"https:\/\/www.nutrisuin.nl\/es\/artikelen\/presuin\/\" target=\"_self\" itemprop=\"url\" rel=\"noopener noreferrer\">\n\t\t\t\t<img decoding=\"async\" src=\"https:\/\/www.nutrisuin.nl\/wp-content\/uploads\/presuin.jpg\" alt=\"presuin\" itemprop=\"image\" data-no-lazy=\"1\" height=\"300\" width=\"300\" title=\"presuin\" onerror=\"this.style.display='none'\">\n\t\t\t\t<\/a>\n\t<meta itemscope=\"\" itemprop=\"mainEntityOfPage\" itemtype=\"https:\/\/schema.org\/WebPage\" itemid=\"https:\/\/www.nutrisuin.nl\/es\/productos\/bensol\/\" content=\"BenSol\"><meta itemprop=\"datePublished\" content=\"2017-12-13\"><meta itemprop=\"dateModified\" content=\"2018-03-23\"><meta itemprop=\"name\" content=\"NutriSuin\"><meta itemprop=\"url\" content=\"http:\/\/www.nutrisuin.nl\/wp-content\/uploads\/Logo_NutriSuin_header.png\"><meta itemprop=\"url\" content=\"https:\/\/www.nutrisuin.nl\/es\/author\/admin\/\"><meta itemprop=\"name\" content=\"admin\"><meta itemprop=\"url\" content=\"https:\/\/www.nutrisuin.nl\/wp-content\/uploads\/Bensol.jpg\"><meta itemprop=\"width\" content=\"300\"><meta itemprop=\"height\" content=\"300\"><meta itemprop=\"interactionType\" content=\"https:\/\/schema.org\/CommentAction\"><meta itemprop=\"userInteractionCount\" content=\"0\">\t\n\t<h3 itemprop=\"headline\">\n\t\t\t\t\tBenSol\t\t\t<\/h3>\n\t\t\t\t<a href=\"https:\/\/www.nutrisuin.nl\/es\/artikelen\/bensol\/\" target=\"_self\" itemprop=\"url\" rel=\"noopener noreferrer\">\n\t\t\t\t<img decoding=\"async\" src=\"https:\/\/www.nutrisuin.nl\/wp-content\/uploads\/Bensol.jpg\" alt=\"Bensol\" itemprop=\"image\" data-no-lazy=\"1\" height=\"300\" width=\"300\" title=\"Bensol\" onerror=\"this.style.display='none'\">\n\t\t\t\t<\/a>\n\t<meta itemscope=\"\" itemprop=\"mainEntityOfPage\" itemtype=\"https:\/\/schema.org\/WebPage\" itemid=\"https:\/\/www.nutrisuin.nl\/es\/productos\/maxivital\/\" content=\"MaxiVital\"><meta itemprop=\"datePublished\" content=\"2017-12-14\"><meta itemprop=\"dateModified\" content=\"2018-03-23\"><meta itemprop=\"name\" content=\"NutriSuin\"><meta itemprop=\"url\" content=\"http:\/\/www.nutrisuin.nl\/wp-content\/uploads\/Logo_NutriSuin_header.png\"><meta itemprop=\"url\" content=\"https:\/\/www.nutrisuin.nl\/es\/author\/admin\/\"><meta itemprop=\"name\" content=\"admin\"><meta itemprop=\"url\" content=\"https:\/\/www.nutrisuin.nl\/wp-content\/uploads\/maxivital.jpg\"><meta itemprop=\"width\" content=\"300\"><meta itemprop=\"height\" content=\"300\"><meta itemprop=\"interactionType\" content=\"https:\/\/schema.org\/CommentAction\"><meta itemprop=\"userInteractionCount\" content=\"0\">\t\n\t<h3 itemprop=\"headline\">\n\t\t\t\t\tMaxiVital\t\t\t<\/h3>\n\t\t\t\t<a href=\"https:\/\/www.nutrisuin.nl\/es\/artikelen\/maxivital\/\" target=\"_self\" itemprop=\"url\" rel=\"noopener noreferrer\">\n\t\t\t\t<img decoding=\"async\" src=\"https:\/\/www.nutrisuin.nl\/wp-content\/uploads\/maxivital.jpg\" alt=\"maxivital\" itemprop=\"image\" data-no-lazy=\"1\" height=\"300\" width=\"300\" title=\"maxivital\" onerror=\"this.style.display='none'\">\n\t\t\t\t<\/a>\n<h1>\n\t\t<strong>Contacte<\/strong> con nosotros\n\t<\/h1>\n<h4>\n\t\tP\u00f3ngase en contacto con nosotros y responderemos a sus preguntas lo m\u00e1s pronto posible. \n\t<\/h4>\n<form>\n    <h3>\n\t\t<\/h3>\n\t\n\t\t\n    \t\t<label for=\"pp-name\">Nombre<\/label>\n    \t\tPlease enter your name.\n    \t\t<input type=\"text\" name=\"pp-name\" value=\"\" placeholder=\"Nombre\">\n    \t\t<label for=\"pp-email\">Correo electr\u00f3nico<\/label>\n    \t\tPlease enter a valid email.\n    \t\t<input type=\"email\" name=\"pp-email\" value=\"\" placeholder=\"Correo electr\u00f3nico\">\n    \t\t<label for=\"pp-subject\">Tema<\/label>\n    \t\tPlease enter a subject.\n    \t\t<input type=\"text\" name=\"pp-subject\" value=\"\" placeholder=\"Tema\">\n    \t\t<label for=\"pp-message\">Su mensaje<\/label>\n    \t\tPlease enter a message.\n    \t\t<textarea name=\"pp-message\" placeholder=\"Su mensaje\"><\/textarea>\n    \t<a href=\"#\" target=\"_self\" role=\"button\" rel=\"noopener noreferrer\">\n    \t\t    \t\t    \t\tEnviar\n    \t\t    \t\t    \t<\/a>\n\tMessage failed. Please try again.\n<\/form>\n\t\t\t\t<h3>Direcci\u00f3n:<\/h3>\n\t\t\t<p>Julianalaan 4<br>5527 BA HAPERT<br>Holanda<\/p>\t\t\n\t\t\t<a href=\"mailto:info@nutrisuin.com\" target=\"_blank\" rel=\"noopener noreferrer\">\n\t\t\t\t<h3>Correo electr\u00f3nico:<\/h3>\n\t\t\tinfo@nutrisuin.com\t\t\n\t\t<\/a>\n\t\t\t\t<h3>Tel\u00e9fono:<\/h3>\n\t\t\t<p>+(31) 0497 748 000<\/p>\n","protected":false},"excerpt":{"rendered":"<p>NutriSuin Alimentando su beneficio; nuestro lema no podr\u00eda ser m\u00e1s claro! Feeding your profit NutriSuin es una empresa joven, llena de experiencia pr\u00e1ctica. Nuestra estrategia de alimentaci\u00f3n para sus lechones&hellip;<\/p>\n","protected":false},"author":1,"featured_media":0,"parent":0,"menu_order":0,"comment_status":"closed","ping_status":"closed","template":"","meta":{"_acf_changed":false,"footnotes":""},"class_list":["post-678","page","type-page","status-publish","hentry"],"acf":[],"yoast_head":"<!-- This site is optimized with the Yoast SEO plugin v27.3 - https:\/\/yoast.com\/product\/yoast-seo-wordpress\/ -->\n<title>NutriSuin - Feeding your profit<\/title>\n<meta name=\"description\" content=\"Con m\u00e1s de 35 a\u00f1os de experiencia en la vivienda y el cerdo es con nuestro f\u00e1cil de encajar, estrategia de alimentaci\u00f3n coloc\u00f3 una base lisa para el beneficio de sus animales.\" \/>\n<meta name=\"robots\" content=\"index, follow, max-snippet:-1, max-image-preview:large, max-video-preview:-1\" \/>\n<link rel=\"canonical\" href=\"https:\/\/www.nutrisuin.nl\/es\/\" \/>\n<meta property=\"og:locale\" content=\"es_ES\" \/>\n<meta property=\"og:type\" content=\"article\" \/>\n<meta property=\"og:title\" content=\"NutriSuin - Feeding your profit\" \/>\n<meta property=\"og:description\" content=\"Con m\u00e1s de 35 a\u00f1os de experiencia en la vivienda y el cerdo es con nuestro f\u00e1cil de encajar, estrategia de alimentaci\u00f3n coloc\u00f3 una base lisa para el beneficio de sus animales.\" \/>\n<meta property=\"og:url\" content=\"https:\/\/www.nutrisuin.nl\/es\/\" \/>\n<meta property=\"og:site_name\" content=\"NutriSuin\" \/>\n<meta property=\"article:modified_time\" content=\"2019-07-05T15:36:10+00:00\" \/>\n<meta property=\"og:image\" content=\"https:\/\/www.nutrisuin.nl\/wp-content\/uploads\/\/Autosuin_Presuin_BabySuin_2018_blok_crop2-340x340.jpg\" \/>\n<meta name=\"twitter:card\" content=\"summary_large_image\" \/>\n<meta name=\"twitter:label1\" content=\"Tiempo de lectura\" \/>\n\t<meta name=\"twitter:data1\" content=\"1 minuto\" \/>\n<script type=\"application\/ld+json\" class=\"yoast-schema-graph\">{\"@context\":\"https:\\\/\\\/schema.org\",\"@graph\":[{\"@type\":\"WebPage\",\"@id\":\"https:\\\/\\\/www.nutrisuin.nl\\\/es\\\/\",\"url\":\"https:\\\/\\\/www.nutrisuin.nl\\\/es\\\/\",\"name\":\"NutriSuin - Feeding your profit\",\"isPartOf\":{\"@id\":\"https:\\\/\\\/www.nutrisuin.nl\\\/#website\"},\"primaryImageOfPage\":{\"@id\":\"https:\\\/\\\/www.nutrisuin.nl\\\/es\\\/#primaryimage\"},\"image\":{\"@id\":\"https:\\\/\\\/www.nutrisuin.nl\\\/es\\\/#primaryimage\"},\"thumbnailUrl\":\"https:\\\/\\\/www.nutrisuin.nl\\\/wp-content\\\/uploads\\\/\\\/Autosuin_Presuin_BabySuin_2018_blok_crop2-340x340.jpg\",\"datePublished\":\"2017-07-21T11:21:57+00:00\",\"dateModified\":\"2019-07-05T15:36:10+00:00\",\"description\":\"Con m\u00e1s de 35 a\u00f1os de experiencia en la vivienda y el cerdo es con nuestro f\u00e1cil de encajar, estrategia de alimentaci\u00f3n coloc\u00f3 una base lisa para el beneficio de sus animales.\",\"breadcrumb\":{\"@id\":\"https:\\\/\\\/www.nutrisuin.nl\\\/es\\\/#breadcrumb\"},\"inLanguage\":\"es\",\"potentialAction\":[{\"@type\":\"ReadAction\",\"target\":[\"https:\\\/\\\/www.nutrisuin.nl\\\/es\\\/\"]}]},{\"@type\":\"ImageObject\",\"inLanguage\":\"es\",\"@id\":\"https:\\\/\\\/www.nutrisuin.nl\\\/es\\\/#primaryimage\",\"url\":\"https:\\\/\\\/www.nutrisuin.nl\\\/wp-content\\\/uploads\\\/\\\/Autosuin_Presuin_BabySuin_2018_blok_crop2-340x340.jpg\",\"contentUrl\":\"https:\\\/\\\/www.nutrisuin.nl\\\/wp-content\\\/uploads\\\/\\\/Autosuin_Presuin_BabySuin_2018_blok_crop2-340x340.jpg\"},{\"@type\":\"BreadcrumbList\",\"@id\":\"https:\\\/\\\/www.nutrisuin.nl\\\/es\\\/#breadcrumb\",\"itemListElement\":[{\"@type\":\"ListItem\",\"position\":1,\"name\":\"Home\",\"item\":\"https:\\\/\\\/www.nutrisuin.nl\\\/es\\\/\"},{\"@type\":\"ListItem\",\"position\":2,\"name\":\"Home\"}]},{\"@type\":\"WebSite\",\"@id\":\"https:\\\/\\\/www.nutrisuin.nl\\\/#website\",\"url\":\"https:\\\/\\\/www.nutrisuin.nl\\\/\",\"name\":\"NutriSuin\",\"description\":\"Feeding your profit\",\"potentialAction\":[{\"@type\":\"SearchAction\",\"target\":{\"@type\":\"EntryPoint\",\"urlTemplate\":\"https:\\\/\\\/www.nutrisuin.nl\\\/?s={search_term_string}\"},\"query-input\":{\"@type\":\"PropertyValueSpecification\",\"valueRequired\":true,\"valueName\":\"search_term_string\"}}],\"inLanguage\":\"es\"}]}<\/script>\n<!-- \/ Yoast SEO plugin. -->","yoast_head_json":{"title":"NutriSuin - Feeding your profit","description":"Con m\u00e1s de 35 a\u00f1os de experiencia en la vivienda y el cerdo es con nuestro f\u00e1cil de encajar, estrategia de alimentaci\u00f3n coloc\u00f3 una base lisa para el beneficio de sus animales.","robots":{"index":"index","follow":"follow","max-snippet":"max-snippet:-1","max-image-preview":"max-image-preview:large","max-video-preview":"max-video-preview:-1"},"canonical":"https:\/\/www.nutrisuin.nl\/es\/","og_locale":"es_ES","og_type":"article","og_title":"NutriSuin - Feeding your profit","og_description":"Con m\u00e1s de 35 a\u00f1os de experiencia en la vivienda y el cerdo es con nuestro f\u00e1cil de encajar, estrategia de alimentaci\u00f3n coloc\u00f3 una base lisa para el beneficio de sus animales.","og_url":"https:\/\/www.nutrisuin.nl\/es\/","og_site_name":"NutriSuin","article_modified_time":"2019-07-05T15:36:10+00:00","og_image":[{"url":"https:\/\/www.nutrisuin.nl\/wp-content\/uploads\/\/Autosuin_Presuin_BabySuin_2018_blok_crop2-340x340.jpg","type":"","width":"","height":""}],"twitter_card":"summary_large_image","twitter_misc":{"Tiempo de lectura":"1 minuto"},"schema":{"@context":"https:\/\/schema.org","@graph":[{"@type":"WebPage","@id":"https:\/\/www.nutrisuin.nl\/es\/","url":"https:\/\/www.nutrisuin.nl\/es\/","name":"NutriSuin - Feeding your profit","isPartOf":{"@id":"https:\/\/www.nutrisuin.nl\/#website"},"primaryImageOfPage":{"@id":"https:\/\/www.nutrisuin.nl\/es\/#primaryimage"},"image":{"@id":"https:\/\/www.nutrisuin.nl\/es\/#primaryimage"},"thumbnailUrl":"https:\/\/www.nutrisuin.nl\/wp-content\/uploads\/\/Autosuin_Presuin_BabySuin_2018_blok_crop2-340x340.jpg","datePublished":"2017-07-21T11:21:57+00:00","dateModified":"2019-07-05T15:36:10+00:00","description":"Con m\u00e1s de 35 a\u00f1os de experiencia en la vivienda y el cerdo es con nuestro f\u00e1cil de encajar, estrategia de alimentaci\u00f3n coloc\u00f3 una base lisa para el beneficio de sus animales.","breadcrumb":{"@id":"https:\/\/www.nutrisuin.nl\/es\/#breadcrumb"},"inLanguage":"es","potentialAction":[{"@type":"ReadAction","target":["https:\/\/www.nutrisuin.nl\/es\/"]}]},{"@type":"ImageObject","inLanguage":"es","@id":"https:\/\/www.nutrisuin.nl\/es\/#primaryimage","url":"https:\/\/www.nutrisuin.nl\/wp-content\/uploads\/\/Autosuin_Presuin_BabySuin_2018_blok_crop2-340x340.jpg","contentUrl":"https:\/\/www.nutrisuin.nl\/wp-content\/uploads\/\/Autosuin_Presuin_BabySuin_2018_blok_crop2-340x340.jpg"},{"@type":"BreadcrumbList","@id":"https:\/\/www.nutrisuin.nl\/es\/#breadcrumb","itemListElement":[{"@type":"ListItem","position":1,"name":"Home","item":"https:\/\/www.nutrisuin.nl\/es\/"},{"@type":"ListItem","position":2,"name":"Home"}]},{"@type":"WebSite","@id":"https:\/\/www.nutrisuin.nl\/#website","url":"https:\/\/www.nutrisuin.nl\/","name":"NutriSuin","description":"Feeding your profit","potentialAction":[{"@type":"SearchAction","target":{"@type":"EntryPoint","urlTemplate":"https:\/\/www.nutrisuin.nl\/?s={search_term_string}"},"query-input":{"@type":"PropertyValueSpecification","valueRequired":true,"valueName":"search_term_string"}}],"inLanguage":"es"}]}},"_links":{"self":[{"href":"https:\/\/www.nutrisuin.nl\/es\/wp-json\/wp\/v2\/pages\/678","targetHints":{"allow":["GET"]}}],"collection":[{"href":"https:\/\/www.nutrisuin.nl\/es\/wp-json\/wp\/v2\/pages"}],"about":[{"href":"https:\/\/www.nutrisuin.nl\/es\/wp-json\/wp\/v2\/types\/page"}],"author":[{"embeddable":true,"href":"https:\/\/www.nutrisuin.nl\/es\/wp-json\/wp\/v2\/users\/1"}],"replies":[{"embeddable":true,"href":"https:\/\/www.nutrisuin.nl\/es\/wp-json\/wp\/v2\/comments?post=678"}],"version-history":[{"count":5,"href":"https:\/\/www.nutrisuin.nl\/es\/wp-json\/wp\/v2\/pages\/678\/revisions"}],"predecessor-version":[{"id":38764,"href":"https:\/\/www.nutrisuin.nl\/es\/wp-json\/wp\/v2\/pages\/678\/revisions\/38764"}],"wp:attachment":[{"href":"https:\/\/www.nutrisuin.nl\/es\/wp-json\/wp\/v2\/media?parent=678"}],"curies":[{"name":"wp","href":"https:\/\/api.w.org\/{rel}","templated":true}]}}