{"id":698,"date":"2017-07-21T13:34:18","date_gmt":"2017-07-21T11:34:18","guid":{"rendered":"http:\/\/www.nutrisuin.nl\/productos\/"},"modified":"2018-03-30T15:30:25","modified_gmt":"2018-03-30T13:30:25","slug":"productos","status":"publish","type":"page","link":"https:\/\/www.nutrisuin.nl\/es\/productos\/","title":{"rendered":"Productos"},"content":{"rendered":"<h1>\n\t\t<strong>nuestros<\/strong> productos<br \/>\n\t<\/h1>\n<p>\t\t\t<a href=\"http:\/\/www.nutrisuin.nl\/\" target=\"_self\" role=\"button\"><br \/>\n\t\t\t\t\t\t\t<strong>Feeding<\/strong> your profit<br \/>\n\t\t\t\t\t<\/a><\/p>\n<h1>\n\t\t<strong>Nuestros<\/strong> productos<br \/>\n\t<\/h1>\n<p>\t\tTodo<\/p>\n<ul>\n<li data-filter=\"*\">Todo<\/li>\n<li data-filter=\".artikel_categorie-destete\" data-term=\"destete\">Destete<\/li>\n<li data-filter=\".artikel_categorie-engorda\" data-term=\"engorda\">Engorda<\/li>\n<li data-filter=\".artikel_categorie-hembras\" data-term=\"hembras\">Hembras<\/li>\n<li data-filter=\".artikel_categorie-lechones\" data-term=\"lechones\">Lechones<\/li>\n<\/ul>\n<p>\t\t\t<a href=\"https:\/\/www.nutrisuin.nl\/es\/artikelen\/autosuin\/\"><\/a><br \/>\n\t<meta itemscope itemprop=\"mainEntityOfPage\" itemtype=\"https:\/\/schema.org\/WebPage\" itemid=\"http:\/\/www.nutrisuin.nl\/es\/artikelen\/autosuin\/\" content=\"AutoSuin\" \/><meta itemprop=\"datePublished\" content=\"2017-12-10\" \/><meta itemprop=\"dateModified\" content=\"2018-03-26\" \/><meta itemprop=\"name\" content=\"NutriSuin\"><meta itemprop=\"url\" content=\"http:\/\/www.nutrisuin.nl\/wp-content\/uploads\/Logo_NutriSuin_header.png\"><meta itemprop=\"url\" content=\"http:\/\/www.nutrisuin.nl\/es\/author\/admin\/\" \/><meta itemprop=\"name\" content=\"admin\" \/><meta itemprop=\"url\" content=\"http:\/\/www.nutrisuin.nl\/wp-content\/uploads\/NutriSuin_AutoSuin.jpg\" \/><meta itemprop=\"width\" content=\"250\" \/><meta itemprop=\"height\" content=\"250\" \/><meta itemprop=\"interactionType\" content=\"http:\/\/schema.org\/CommentAction\" \/><meta itemprop=\"userInteractionCount\" content=\"0\" \/><\/p>\n<h3 itemprop=\"headline\">\n\t\t\t\t\t\t\t\tAutoSuin\t\t\t\t\t<\/h3>\n<p>\t\t\t\t<img decoding=\"async\" src=\"http:\/\/www.nutrisuin.nl\/wp-content\/uploads\/NutriSuin_AutoSuin.jpg\" alt=\"NutriSuin_AutoSuin\" itemprop=\"image\" data-no-lazy=\"1\" height=\"250\" width=\"250\"  \/><br \/>\n\t\t\t<a href=\"https:\/\/www.nutrisuin.nl\/es\/artikelen\/babysuin\/\"><\/a><br \/>\n\t<meta itemscope itemprop=\"mainEntityOfPage\" itemtype=\"https:\/\/schema.org\/WebPage\" itemid=\"http:\/\/www.nutrisuin.nl\/es\/artikelen\/babysuin\/\" content=\"BabySuin\" \/><meta itemprop=\"datePublished\" content=\"2017-12-11\" \/><meta itemprop=\"dateModified\" content=\"2018-03-26\" \/><meta itemprop=\"name\" content=\"NutriSuin\"><meta itemprop=\"url\" content=\"http:\/\/www.nutrisuin.nl\/wp-content\/uploads\/Logo_NutriSuin_header.png\"><meta itemprop=\"url\" content=\"http:\/\/www.nutrisuin.nl\/es\/author\/admin\/\" \/><meta itemprop=\"name\" content=\"admin\" \/><meta itemprop=\"url\" content=\"http:\/\/www.nutrisuin.nl\/wp-content\/uploads\/babysuin.jpg\" \/><meta itemprop=\"width\" content=\"300\" \/><meta itemprop=\"height\" content=\"300\" \/><meta itemprop=\"interactionType\" content=\"http:\/\/schema.org\/CommentAction\" \/><meta itemprop=\"userInteractionCount\" content=\"0\" \/><\/p>\n<h3 itemprop=\"headline\">\n\t\t\t\t\t\t\t\tBabySuin\t\t\t\t\t<\/h3>\n<p>\t\t\t\t<img decoding=\"async\" src=\"http:\/\/www.nutrisuin.nl\/wp-content\/uploads\/babysuin.jpg\" alt=\"babysuin\" itemprop=\"image\" data-no-lazy=\"1\" height=\"300\" width=\"300\"  \/><br \/>\n\t\t\t<a href=\"https:\/\/www.nutrisuin.nl\/es\/artikelen\/presuin\/\"><\/a><br \/>\n\t<meta itemscope itemprop=\"mainEntityOfPage\" itemtype=\"https:\/\/schema.org\/WebPage\" itemid=\"http:\/\/www.nutrisuin.nl\/es\/artikelen\/presuin\/\" content=\"PreSuin\" \/><meta itemprop=\"datePublished\" content=\"2017-12-12\" \/><meta itemprop=\"dateModified\" content=\"2018-03-26\" \/><meta itemprop=\"name\" content=\"NutriSuin\"><meta itemprop=\"url\" content=\"http:\/\/www.nutrisuin.nl\/wp-content\/uploads\/Logo_NutriSuin_header.png\"><meta itemprop=\"url\" content=\"http:\/\/www.nutrisuin.nl\/es\/author\/admin\/\" \/><meta itemprop=\"name\" content=\"admin\" \/><meta itemprop=\"url\" content=\"http:\/\/www.nutrisuin.nl\/wp-content\/uploads\/presuin.jpg\" \/><meta itemprop=\"width\" content=\"300\" \/><meta itemprop=\"height\" content=\"300\" \/><meta itemprop=\"interactionType\" content=\"http:\/\/schema.org\/CommentAction\" \/><meta itemprop=\"userInteractionCount\" content=\"0\" \/><\/p>\n<h3 itemprop=\"headline\">\n\t\t\t\t\t\t\t\tPreSuin\t\t\t\t\t<\/h3>\n<p>\t\t\t\t<img decoding=\"async\" src=\"http:\/\/www.nutrisuin.nl\/wp-content\/uploads\/presuin.jpg\" alt=\"presuin\" itemprop=\"image\" data-no-lazy=\"1\" height=\"300\" width=\"300\"  \/><br \/>\n\t\t\t<a href=\"https:\/\/www.nutrisuin.nl\/es\/artikelen\/bensol\/\"><\/a><br \/>\n\t<meta itemscope itemprop=\"mainEntityOfPage\" itemtype=\"https:\/\/schema.org\/WebPage\" itemid=\"http:\/\/www.nutrisuin.nl\/es\/artikelen\/bensol\/\" content=\"BenSol\" \/><meta itemprop=\"datePublished\" content=\"2017-12-13\" \/><meta itemprop=\"dateModified\" content=\"2018-03-23\" \/><meta itemprop=\"name\" content=\"NutriSuin\"><meta itemprop=\"url\" content=\"http:\/\/www.nutrisuin.nl\/wp-content\/uploads\/Logo_NutriSuin_header.png\"><meta itemprop=\"url\" content=\"http:\/\/www.nutrisuin.nl\/es\/author\/admin\/\" \/><meta itemprop=\"name\" content=\"admin\" \/><meta itemprop=\"url\" content=\"http:\/\/www.nutrisuin.nl\/wp-content\/uploads\/Bensol.jpg\" \/><meta itemprop=\"width\" content=\"300\" \/><meta itemprop=\"height\" content=\"300\" \/><meta itemprop=\"interactionType\" content=\"http:\/\/schema.org\/CommentAction\" \/><meta itemprop=\"userInteractionCount\" content=\"0\" \/><\/p>\n<h3 itemprop=\"headline\">\n\t\t\t\t\t\t\t\tBenSol\t\t\t\t\t<\/h3>\n<p>\t\t\t\t<img decoding=\"async\" src=\"http:\/\/www.nutrisuin.nl\/wp-content\/uploads\/Bensol.jpg\" alt=\"Bensol\" itemprop=\"image\" data-no-lazy=\"1\" height=\"300\" width=\"300\"  \/><br \/>\n\t\t\t<a href=\"https:\/\/www.nutrisuin.nl\/es\/artikelen\/maxivital\/\"><\/a><br \/>\n\t<meta itemscope itemprop=\"mainEntityOfPage\" itemtype=\"https:\/\/schema.org\/WebPage\" itemid=\"http:\/\/www.nutrisuin.nl\/es\/artikelen\/maxivital\/\" content=\"MaxiVital\" \/><meta itemprop=\"datePublished\" content=\"2017-12-14\" \/><meta itemprop=\"dateModified\" content=\"2018-03-23\" \/><meta itemprop=\"name\" content=\"NutriSuin\"><meta itemprop=\"url\" content=\"http:\/\/www.nutrisuin.nl\/wp-content\/uploads\/Logo_NutriSuin_header.png\"><meta itemprop=\"url\" content=\"http:\/\/www.nutrisuin.nl\/es\/author\/admin\/\" \/><meta itemprop=\"name\" content=\"admin\" \/><meta itemprop=\"url\" content=\"http:\/\/www.nutrisuin.nl\/wp-content\/uploads\/maxivital.jpg\" \/><meta itemprop=\"width\" content=\"300\" \/><meta itemprop=\"height\" content=\"300\" \/><meta itemprop=\"interactionType\" content=\"http:\/\/schema.org\/CommentAction\" \/><meta itemprop=\"userInteractionCount\" content=\"0\" \/><\/p>\n<h3 itemprop=\"headline\">\n\t\t\t\t\t\t\t\tMaxiVital\t\t\t\t\t<\/h3>\n<p>\t\t\t\t<img decoding=\"async\" src=\"http:\/\/www.nutrisuin.nl\/wp-content\/uploads\/maxivital.jpg\" alt=\"maxivital\" itemprop=\"image\" data-no-lazy=\"1\" height=\"300\" width=\"300\"  \/><br \/>\n\t\t\t<a href=\"https:\/\/www.nutrisuin.nl\/es\/artikelen\/superacid\/\"><\/a><br \/>\n\t<meta itemscope itemprop=\"mainEntityOfPage\" itemtype=\"https:\/\/schema.org\/WebPage\" itemid=\"http:\/\/www.nutrisuin.nl\/es\/artikelen\/superacid\/\" content=\"SuperAcid\" \/><meta itemprop=\"datePublished\" content=\"2017-12-15\" \/><meta itemprop=\"dateModified\" content=\"2018-03-23\" \/><meta itemprop=\"name\" content=\"NutriSuin\"><meta itemprop=\"url\" content=\"http:\/\/www.nutrisuin.nl\/wp-content\/uploads\/Logo_NutriSuin_header.png\"><meta itemprop=\"url\" content=\"http:\/\/www.nutrisuin.nl\/es\/author\/admin\/\" \/><meta itemprop=\"name\" content=\"admin\" \/><meta itemprop=\"url\" content=\"http:\/\/www.nutrisuin.nl\/wp-content\/uploads\/superacid.jpg\" \/><meta itemprop=\"width\" content=\"300\" \/><meta itemprop=\"height\" content=\"300\" \/><meta itemprop=\"interactionType\" content=\"http:\/\/schema.org\/CommentAction\" \/><meta itemprop=\"userInteractionCount\" content=\"0\" \/><\/p>\n<h3 itemprop=\"headline\">\n\t\t\t\t\t\t\t\tSuperAcid\t\t\t\t\t<\/h3>\n<p>\t\t\t\t<img decoding=\"async\" src=\"http:\/\/www.nutrisuin.nl\/wp-content\/uploads\/superacid.jpg\" alt=\"superacid\" itemprop=\"image\" data-no-lazy=\"1\" height=\"300\" width=\"300\"  \/><br \/>\n\t\t\t<a href=\"https:\/\/www.nutrisuin.nl\/es\/artikelen\/poweracid\/\"><\/a><br \/>\n\t<meta itemscope itemprop=\"mainEntityOfPage\" itemtype=\"https:\/\/schema.org\/WebPage\" itemid=\"http:\/\/www.nutrisuin.nl\/es\/artikelen\/poweracid\/\" content=\"PowerAcid\" \/><meta itemprop=\"datePublished\" content=\"2017-12-16\" \/><meta itemprop=\"dateModified\" content=\"2018-03-23\" \/><meta itemprop=\"name\" content=\"NutriSuin\"><meta itemprop=\"url\" content=\"http:\/\/www.nutrisuin.nl\/wp-content\/uploads\/Logo_NutriSuin_header.png\"><meta itemprop=\"url\" content=\"http:\/\/www.nutrisuin.nl\/es\/author\/admin\/\" \/><meta itemprop=\"name\" content=\"admin\" \/><meta itemprop=\"url\" content=\"http:\/\/www.nutrisuin.nl\/wp-content\/uploads\/poweracid.jpg\" \/><meta itemprop=\"width\" content=\"300\" \/><meta itemprop=\"height\" content=\"300\" \/><meta itemprop=\"interactionType\" content=\"http:\/\/schema.org\/CommentAction\" \/><meta itemprop=\"userInteractionCount\" content=\"0\" \/><\/p>\n<h3 itemprop=\"headline\">\n\t\t\t\t\t\t\t\tPowerAcid\t\t\t\t\t<\/h3>\n<p>\t\t\t\t<img decoding=\"async\" src=\"http:\/\/www.nutrisuin.nl\/wp-content\/uploads\/poweracid.jpg\" alt=\"poweracid\" itemprop=\"image\" data-no-lazy=\"1\" height=\"300\" width=\"300\"  \/><br \/>\n\t\t\t<a href=\"https:\/\/www.nutrisuin.nl\/es\/artikelen\/topacid\/\"><\/a><br \/>\n\t<meta itemscope itemprop=\"mainEntityOfPage\" itemtype=\"https:\/\/schema.org\/WebPage\" itemid=\"http:\/\/www.nutrisuin.nl\/es\/artikelen\/topacid\/\" content=\"TopAcid\" \/><meta itemprop=\"datePublished\" content=\"2017-12-17\" \/><meta itemprop=\"dateModified\" content=\"2018-03-23\" \/><meta itemprop=\"name\" content=\"NutriSuin\"><meta itemprop=\"url\" content=\"http:\/\/www.nutrisuin.nl\/wp-content\/uploads\/Logo_NutriSuin_header.png\"><meta itemprop=\"url\" content=\"http:\/\/www.nutrisuin.nl\/es\/author\/admin\/\" \/><meta itemprop=\"name\" content=\"admin\" \/><meta itemprop=\"url\" content=\"http:\/\/www.nutrisuin.nl\/wp-content\/uploads\/topacid.jpg\" \/><meta itemprop=\"width\" content=\"300\" \/><meta itemprop=\"height\" content=\"300\" \/><meta itemprop=\"interactionType\" content=\"http:\/\/schema.org\/CommentAction\" \/><meta itemprop=\"userInteractionCount\" content=\"0\" \/><\/p>\n<h3 itemprop=\"headline\">\n\t\t\t\t\t\t\t\tTopAcid\t\t\t\t\t<\/h3>\n<p>\t\t\t\t<img decoding=\"async\" src=\"http:\/\/www.nutrisuin.nl\/wp-content\/uploads\/topacid.jpg\" alt=\"topacid\" itemprop=\"image\" data-no-lazy=\"1\" height=\"300\" width=\"300\"  \/><\/p>\n<h2>\n\t\t<strong>Ofre<\/strong>cemos:<br \/>\n\t<\/h2>\n<ul>\n<li>\n<h3>Un precio fijo para el paquete NutriSuin:<\/h3>\n<p>Babysuin + PreSuin + AutoSuin<\/p>\n<\/li>\n<li>\n<h3>Sin sorpresas<\/h3>\n<p>se sabe qu\u00e9 se puede esperar de antemano<\/p>\n<\/li>\n<li>\n<h3>Inversi\u00f3n m\u00ednima<\/h3>\n<p>y perfecto retorno de inversi\u00f3n<\/p>\n<\/li>\n<\/ul>\n<h4>\n\t\tCon el m\u00e9todo de alimentaci\u00f3n f\u00e1cil de usar de NutriSuin, sus lechones se desarrollan sin problemas y crecen con la m\u00e1xima efectividad de costes hasta llegar a ser animales extraordinariamente rentables.<br \/>\n\t<\/h4>\n<h2>\n\t\t\u00bfQu\u00e9 resultados se obtienen con el m\u00e9todo alimenticio <strong>Nutri<\/strong>Suin?<br \/>\n\t<\/h2>\n<ul>\n<li>\n<h3>Un periodo de destete sin problemas<\/h3>\n<\/li>\n<li>\n<h3>Lechones de gran calidad y rebosantes de salud<\/h3>\n<\/li>\n<li>\n<h3>Evita el desperdicio de alimentos costosos y el derroche de dinero tras el destete<\/h3>\n<\/li>\n<li>\n<h3>Pesos altos y uniformes en la entrega<\/h3>\n<\/li>\n<li>\n<h3>Un destete libre de problemas y, sobre todo, m\u00e1xima efi ciencia econ\u00f3mica en el destete, adem\u00e1s de una mejora signifi cativa en los resultados del engorde<\/h3>\n<\/li>\n<\/ul>\n<h4>\n\t\tLos resultados demuestran:<br \/>\n\t<\/h4>\n<h4>\n\t\tAntes del destete:<br \/>\n\t<\/h4>\n<ul>\n<li>\n<h3>un aumento de 350 gramos de ingesta de alimento y un aumento de 350 gramos de peso en el destete<\/h3>\n<\/li>\n<\/ul>\n<h4>\n\t\tDespu\u00e9s del destete:<br \/>\n\t<\/h4>\n<ul>\n<li>\n<h3>consigue que todos los lechones coman dentro de un plazo de 12 horas tras el destete<\/h3>\n<\/li>\n<li>\n<h3>costes de veterinario<\/h3>\n<\/li>\n<li>\n<h3>costes de alimentaci\u00f3n por mejora de la conversi\u00f3n alimenticia<\/h3>\n<\/li>\n<li>\n<h3>1,5 kg a los 39 d\u00edas tras el destete<\/h3>\n<\/li>\n<\/ul>\n<h3>listo para descubrir m\u00e1s?<\/h3>\n<p>Ll\u00e1menos hoy para una cotizaci\u00f3n gratis!<\/p>\n<p>\t\t\t<a href=\"https:\/\/www.nutrisuin.nl\/contact\/\" target=\"_self\" role=\"button\"><br \/>\n\t\t\t\t\t\t\tclic aqu\u00ed<br \/>\n\t\t\t\t\t<\/a><\/p>\n","protected":false},"excerpt":{"rendered":"<p>nuestros productos Feeding your profit Nuestros productos Todo Todo Destete Engorda Hembras Lechones AutoSuin BabySuin PreSuin BenSol MaxiVital SuperAcid PowerAcid TopAcid Ofrecemos: Un precio fijo para el paquete NutriSuin: Babysuin&hellip;<\/p>\n","protected":false},"author":1,"featured_media":1227,"parent":0,"menu_order":0,"comment_status":"closed","ping_status":"closed","template":"","meta":{"_acf_changed":false,"footnotes":""},"class_list":["post-698","page","type-page","status-publish","has-post-thumbnail","hentry"],"acf":[],"yoast_head":"<!-- This site is optimized with the Yoast SEO plugin v27.3 - https:\/\/yoast.com\/product\/yoast-seo-wordpress\/ -->\n<title>Productos - NutriSuin<\/title>\n<meta name=\"robots\" content=\"index, follow, max-snippet:-1, max-image-preview:large, max-video-preview:-1\" \/>\n<link rel=\"canonical\" href=\"https:\/\/www.nutrisuin.nl\/es\/productos\/\" \/>\n<meta property=\"og:locale\" content=\"es_ES\" \/>\n<meta property=\"og:type\" content=\"article\" \/>\n<meta property=\"og:title\" content=\"Productos - NutriSuin\" \/>\n<meta property=\"og:description\" content=\"nuestros productos Feeding your profit Nuestros productos Todo Todo Destete Engorda Hembras Lechones AutoSuin BabySuin PreSuin BenSol MaxiVital SuperAcid PowerAcid TopAcid Ofrecemos: Un precio fijo para el paquete NutriSuin: Babysuin&hellip;\" \/>\n<meta property=\"og:url\" content=\"https:\/\/www.nutrisuin.nl\/es\/productos\/\" \/>\n<meta property=\"og:site_name\" content=\"NutriSuin\" \/>\n<meta property=\"article:modified_time\" content=\"2018-03-30T13:30:25+00:00\" \/>\n<meta property=\"og:image\" content=\"https:\/\/www.nutrisuin.nl\/wp-content\/uploads\/TopAcid-899x1024.jpg\" \/>\n\t<meta property=\"og:image:width\" content=\"899\" \/>\n\t<meta property=\"og:image:height\" content=\"1024\" \/>\n\t<meta property=\"og:image:type\" content=\"image\/jpeg\" \/>\n<meta name=\"twitter:card\" content=\"summary_large_image\" \/>\n<meta name=\"twitter:label1\" content=\"Tiempo de lectura\" \/>\n\t<meta name=\"twitter:data1\" content=\"1 minuto\" \/>\n<script type=\"application\/ld+json\" class=\"yoast-schema-graph\">{\"@context\":\"https:\\\/\\\/schema.org\",\"@graph\":[{\"@type\":\"WebPage\",\"@id\":\"https:\\\/\\\/www.nutrisuin.nl\\\/es\\\/productos\\\/\",\"url\":\"https:\\\/\\\/www.nutrisuin.nl\\\/es\\\/productos\\\/\",\"name\":\"Productos - NutriSuin\",\"isPartOf\":{\"@id\":\"https:\\\/\\\/www.nutrisuin.nl\\\/#website\"},\"primaryImageOfPage\":{\"@id\":\"https:\\\/\\\/www.nutrisuin.nl\\\/es\\\/productos\\\/#primaryimage\"},\"image\":{\"@id\":\"https:\\\/\\\/www.nutrisuin.nl\\\/es\\\/productos\\\/#primaryimage\"},\"thumbnailUrl\":\"https:\\\/\\\/www.nutrisuin.nl\\\/wp-content\\\/uploads\\\/TopAcid.jpg\",\"datePublished\":\"2017-07-21T11:34:18+00:00\",\"dateModified\":\"2018-03-30T13:30:25+00:00\",\"breadcrumb\":{\"@id\":\"https:\\\/\\\/www.nutrisuin.nl\\\/es\\\/productos\\\/#breadcrumb\"},\"inLanguage\":\"es\",\"potentialAction\":[{\"@type\":\"ReadAction\",\"target\":[\"https:\\\/\\\/www.nutrisuin.nl\\\/es\\\/productos\\\/\"]}]},{\"@type\":\"ImageObject\",\"inLanguage\":\"es\",\"@id\":\"https:\\\/\\\/www.nutrisuin.nl\\\/es\\\/productos\\\/#primaryimage\",\"url\":\"https:\\\/\\\/www.nutrisuin.nl\\\/wp-content\\\/uploads\\\/TopAcid.jpg\",\"contentUrl\":\"https:\\\/\\\/www.nutrisuin.nl\\\/wp-content\\\/uploads\\\/TopAcid.jpg\",\"width\":5402,\"height\":6152},{\"@type\":\"BreadcrumbList\",\"@id\":\"https:\\\/\\\/www.nutrisuin.nl\\\/es\\\/productos\\\/#breadcrumb\",\"itemListElement\":[{\"@type\":\"ListItem\",\"position\":1,\"name\":\"Home\",\"item\":\"https:\\\/\\\/www.nutrisuin.nl\\\/es\\\/\"},{\"@type\":\"ListItem\",\"position\":2,\"name\":\"Productos\"}]},{\"@type\":\"WebSite\",\"@id\":\"https:\\\/\\\/www.nutrisuin.nl\\\/#website\",\"url\":\"https:\\\/\\\/www.nutrisuin.nl\\\/\",\"name\":\"NutriSuin\",\"description\":\"Feeding your profit\",\"potentialAction\":[{\"@type\":\"SearchAction\",\"target\":{\"@type\":\"EntryPoint\",\"urlTemplate\":\"https:\\\/\\\/www.nutrisuin.nl\\\/?s={search_term_string}\"},\"query-input\":{\"@type\":\"PropertyValueSpecification\",\"valueRequired\":true,\"valueName\":\"search_term_string\"}}],\"inLanguage\":\"es\"}]}<\/script>\n<!-- \/ Yoast SEO plugin. -->","yoast_head_json":{"title":"Productos - NutriSuin","robots":{"index":"index","follow":"follow","max-snippet":"max-snippet:-1","max-image-preview":"max-image-preview:large","max-video-preview":"max-video-preview:-1"},"canonical":"https:\/\/www.nutrisuin.nl\/es\/productos\/","og_locale":"es_ES","og_type":"article","og_title":"Productos - NutriSuin","og_description":"nuestros productos Feeding your profit Nuestros productos Todo Todo Destete Engorda Hembras Lechones AutoSuin BabySuin PreSuin BenSol MaxiVital SuperAcid PowerAcid TopAcid Ofrecemos: Un precio fijo para el paquete NutriSuin: Babysuin&hellip;","og_url":"https:\/\/www.nutrisuin.nl\/es\/productos\/","og_site_name":"NutriSuin","article_modified_time":"2018-03-30T13:30:25+00:00","og_image":[{"width":899,"height":1024,"url":"https:\/\/www.nutrisuin.nl\/wp-content\/uploads\/TopAcid-899x1024.jpg","type":"image\/jpeg"}],"twitter_card":"summary_large_image","twitter_misc":{"Tiempo de lectura":"1 minuto"},"schema":{"@context":"https:\/\/schema.org","@graph":[{"@type":"WebPage","@id":"https:\/\/www.nutrisuin.nl\/es\/productos\/","url":"https:\/\/www.nutrisuin.nl\/es\/productos\/","name":"Productos - NutriSuin","isPartOf":{"@id":"https:\/\/www.nutrisuin.nl\/#website"},"primaryImageOfPage":{"@id":"https:\/\/www.nutrisuin.nl\/es\/productos\/#primaryimage"},"image":{"@id":"https:\/\/www.nutrisuin.nl\/es\/productos\/#primaryimage"},"thumbnailUrl":"https:\/\/www.nutrisuin.nl\/wp-content\/uploads\/TopAcid.jpg","datePublished":"2017-07-21T11:34:18+00:00","dateModified":"2018-03-30T13:30:25+00:00","breadcrumb":{"@id":"https:\/\/www.nutrisuin.nl\/es\/productos\/#breadcrumb"},"inLanguage":"es","potentialAction":[{"@type":"ReadAction","target":["https:\/\/www.nutrisuin.nl\/es\/productos\/"]}]},{"@type":"ImageObject","inLanguage":"es","@id":"https:\/\/www.nutrisuin.nl\/es\/productos\/#primaryimage","url":"https:\/\/www.nutrisuin.nl\/wp-content\/uploads\/TopAcid.jpg","contentUrl":"https:\/\/www.nutrisuin.nl\/wp-content\/uploads\/TopAcid.jpg","width":5402,"height":6152},{"@type":"BreadcrumbList","@id":"https:\/\/www.nutrisuin.nl\/es\/productos\/#breadcrumb","itemListElement":[{"@type":"ListItem","position":1,"name":"Home","item":"https:\/\/www.nutrisuin.nl\/es\/"},{"@type":"ListItem","position":2,"name":"Productos"}]},{"@type":"WebSite","@id":"https:\/\/www.nutrisuin.nl\/#website","url":"https:\/\/www.nutrisuin.nl\/","name":"NutriSuin","description":"Feeding your profit","potentialAction":[{"@type":"SearchAction","target":{"@type":"EntryPoint","urlTemplate":"https:\/\/www.nutrisuin.nl\/?s={search_term_string}"},"query-input":{"@type":"PropertyValueSpecification","valueRequired":true,"valueName":"search_term_string"}}],"inLanguage":"es"}]}},"_links":{"self":[{"href":"https:\/\/www.nutrisuin.nl\/es\/wp-json\/wp\/v2\/pages\/698","targetHints":{"allow":["GET"]}}],"collection":[{"href":"https:\/\/www.nutrisuin.nl\/es\/wp-json\/wp\/v2\/pages"}],"about":[{"href":"https:\/\/www.nutrisuin.nl\/es\/wp-json\/wp\/v2\/types\/page"}],"author":[{"embeddable":true,"href":"https:\/\/www.nutrisuin.nl\/es\/wp-json\/wp\/v2\/users\/1"}],"replies":[{"embeddable":true,"href":"https:\/\/www.nutrisuin.nl\/es\/wp-json\/wp\/v2\/comments?post=698"}],"version-history":[{"count":0,"href":"https:\/\/www.nutrisuin.nl\/es\/wp-json\/wp\/v2\/pages\/698\/revisions"}],"wp:featuredmedia":[{"embeddable":true,"href":"https:\/\/www.nutrisuin.nl\/es\/wp-json\/wp\/v2\/media\/1227"}],"wp:attachment":[{"href":"https:\/\/www.nutrisuin.nl\/es\/wp-json\/wp\/v2\/media?parent=698"}],"curies":[{"name":"wp","href":"https:\/\/api.w.org\/{rel}","templated":true}]}}