{"id":773,"date":"2017-07-21T13:58:45","date_gmt":"2017-07-21T11:58:45","guid":{"rendered":"http:\/\/www.nutrisuin.nl\/contacto\/"},"modified":"2018-06-22T14:04:39","modified_gmt":"2018-06-22T12:04:39","slug":"contacto","status":"publish","type":"page","link":"https:\/\/www.nutrisuin.nl\/es\/contacto\/","title":{"rendered":"Contacto"},"content":{"rendered":"<h1>\n\t\t<strong>Cont\u00e1ctenos<\/strong><br \/>\n\t<\/h1>\n<p>\t\t\t<a href=\"http:\/\/www.nutrisuin.nl\/es\/\" target=\"_self\" role=\"button\"><br \/>\n\t\t\t\t\t\t\t<strong>Feeding<\/strong> your profit<br \/>\n\t\t\t\t\t<\/a><\/p>\n<h3>\n\t\tCont\u00e1ctenos<br \/>\n\t<\/h3>\n<p>Para obtener m\u00e1s informaci\u00f3n, realizar alguna pregunta \u00f3 dejar un comentario, favor de llenar el siguiente formulario y nosotros nos pondremos en contacto con usted a la brevedad posible.<\/p>\n<p>Favor de llenar todos los campos requeridos (*).<\/p>\n<h3>\n\t\t<\/h3>\n<\/p>\n<form action=\"\/es\/contacto\/?fl_builder#wpcf7-f1403-o1\" method=\"post\" novalidate=\"novalidate\">\n<input type=\"hidden\" name=\"_wpcf7\" value=\"1403\" \/><br \/>\n<input type=\"hidden\" name=\"_wpcf7_version\" value=\"5.0.2\" \/><br \/>\n<input type=\"hidden\" name=\"_wpcf7_locale\" value=\"nl_NL\" \/><br \/>\n<input type=\"hidden\" name=\"_wpcf7_unit_tag\" value=\"wpcf7-f1403-o1\" \/><br \/>\n<input type=\"hidden\" name=\"_wpcf7_container_post\" value=\"0\" \/><\/p>\n<p>Me gustar\u00eda: <input type=\"radio\" name=\"default:1\" value=\"Contacto\" \/>Contacto<input type=\"radio\" name=\"default:1\" value=\"Cotizaci\u00f3n\" \/>Cotizaci\u00f3n<input type=\"radio\" name=\"default:1\" value=\"Reuni\u00f3n\" \/>Reuni\u00f3n<\/p>\n<p>\n    <input type=\"text\" name=\"your-name\" value=\"\" size=\"40\" aria-required=\"true\" aria-invalid=\"false\" placeholder=\"Nombre (* obligatoria)\" \/> <\/p>\n<p>\n    <input type=\"text\" name=\"company\" value=\"\" size=\"40\" aria-invalid=\"false\" placeholder=\"Compa\u00f1ia\" \/> <\/p>\n<p>\n    <input type=\"tel\" name=\"telephonenumber\" value=\"\" size=\"40\" aria-invalid=\"false\" placeholder=\"N\u00famero telef\u00f3nico\" \/> <\/p>\n<p>\n    <input type=\"email\" name=\"your-email\" value=\"\" size=\"40\" aria-required=\"true\" aria-invalid=\"false\" placeholder=\"Correo electr\u00f3nico (* obligatoria)\" \/> <\/p>\n<p>\n    <input type=\"text\" name=\"Adress\" value=\"\" size=\"40\" aria-invalid=\"false\" placeholder=\"Domicilio\" \/> <\/p>\n<p>\n    <input type=\"text\" name=\"Postal\" value=\"\" size=\"40\" aria-invalid=\"false\" placeholder=\"C\u00f3digo Postal\" \/> <\/p>\n<p>\n    <input type=\"text\" name=\"City\" value=\"\" size=\"40\" aria-invalid=\"false\" placeholder=\"Poblaci\u00f3n\" \/> <\/p>\n<p>\n    <select name=\"Country\" aria-invalid=\"false\"><option value=\"Pa\u00eds\">Pa\u00eds<\/option><option value=\"Afghanistan\">Afghanistan<\/option><option value=\"Albania\">Albania<\/option><option value=\"Algeria\">Algeria<\/option><option value=\"Andorra\">Andorra<\/option><option value=\"Angola\">Angola<\/option><option value=\"Antigua and Barbuda\">Antigua and Barbuda<\/option><option value=\"Argentina\">Argentina<\/option><option value=\"Armenia\">Armenia<\/option><option value=\"Australia\">Australia<\/option><option value=\"Austria\">Austria<\/option><option value=\"Azerbaijan\">Azerbaijan<\/option><option value=\"Bahamas\">Bahamas<\/option><option value=\"Bahrain\">Bahrain<\/option><option value=\"Bangladesh\">Bangladesh<\/option><option value=\"Barbados\">Barbados<\/option><option value=\"Belarus\">Belarus<\/option><option value=\"Belgium\">Belgium<\/option><option value=\"Belize\">Belize<\/option><option value=\"Benin\">Benin<\/option><option value=\"Bhutan\">Bhutan<\/option><option value=\"Bolivia\">Bolivia<\/option><option value=\"Bosnia and Herzegovina\">Bosnia and Herzegovina<\/option><option value=\"Botswana\">Botswana<\/option><option value=\"Brazil\">Brazil<\/option><option value=\"Brunei\">Brunei<\/option><option value=\"Bulgaria\">Bulgaria<\/option><option value=\"Burkina Faso\">Burkina Faso<\/option><option value=\"Burundi\">Burundi<\/option><option value=\"Cabo Verde\">Cabo Verde<\/option><option value=\"Cambodia\">Cambodia<\/option><option value=\"Cameroon\">Cameroon<\/option><option value=\"Canada\">Canada<\/option><option value=\"Central African Republic (CAR)\">Central African Republic (CAR)<\/option><option value=\"Chad\">Chad<\/option><option value=\"Chile\">Chile<\/option><option value=\"China\">China<\/option><option value=\"Colombia\">Colombia<\/option><option value=\"Comoros\">Comoros<\/option><option value=\"Costa Rica\">Costa Rica<\/option><option value=\"Cote d&#039;Ivoire\">Cote d&#039;Ivoire<\/option><option value=\"Croatia\">Croatia<\/option><option value=\"Cuba\">Cuba<\/option><option value=\"Cyprus\">Cyprus<\/option><option value=\"Czech Republic\">Czech Republic<\/option><option value=\"Denmark\">Denmark<\/option><option value=\"Djibouti\">Djibouti<\/option><option value=\"Dominica\">Dominica<\/option><option value=\"Dominican Republic\">Dominican Republic<\/option><option value=\"Ecuador\">Ecuador<\/option><option value=\"Egypt\">Egypt<\/option><option value=\"El Salvador\">El Salvador<\/option><option value=\"Equatorial Guinea\">Equatorial Guinea<\/option><option value=\"Eritrea\">Eritrea<\/option><option value=\"Estonia\">Estonia<\/option><option value=\"Ethiopia\">Ethiopia<\/option><option value=\"Fiji\">Fiji<\/option><option value=\"Finland\">Finland<\/option><option value=\"France\">France<\/option><option value=\"Gabon\">Gabon<\/option><option value=\"Gambia\">Gambia<\/option><option value=\"Georgia\">Georgia<\/option><option value=\"Germany\">Germany<\/option><option value=\"Ghana\">Ghana<\/option><option value=\"Greece\">Greece<\/option><option value=\"Grenada\">Grenada<\/option><option value=\"Guatemala\">Guatemala<\/option><option value=\"Guinea\">Guinea<\/option><option value=\"Guinea-Bissau\">Guinea-Bissau<\/option><option value=\"Guyana\">Guyana<\/option><option value=\"Haiti\">Haiti<\/option><option value=\"Honduras\">Honduras<\/option><option value=\"Hungary\">Hungary<\/option><option value=\"Iceland\">Iceland<\/option><option value=\"India\">India<\/option><option value=\"Indonesia\">Indonesia<\/option><option value=\"Iran\">Iran<\/option><option value=\"Iraq\">Iraq<\/option><option value=\"Ireland\">Ireland<\/option><option value=\"Israel\">Israel<\/option><option value=\"Italy\">Italy<\/option><option value=\"Jamaica\">Jamaica<\/option><option value=\"Japan\">Japan<\/option><option value=\"Jordan\">Jordan<\/option><option value=\"Kazakhstan\">Kazakhstan<\/option><option value=\"Kenya\">Kenya<\/option><option value=\"Kiribati\">Kiribati<\/option><option value=\"Kosovo\">Kosovo<\/option><option value=\"Kuwait\">Kuwait<\/option><option value=\"Kyrgyzstan\">Kyrgyzstan<\/option><option value=\"Laos\">Laos<\/option><option value=\"Latvia\">Latvia<\/option><option value=\"Lebanon\">Lebanon<\/option><option value=\"Lesotho\">Lesotho<\/option><option value=\"Liberia\">Liberia<\/option><option value=\"Libya\">Libya<\/option><option value=\"Liechtenstein\">Liechtenstein<\/option><option value=\"Lithuania\">Lithuania<\/option><option value=\"Luxembourg\">Luxembourg<\/option><option value=\"Macedonia\">Macedonia<\/option><option value=\"Madagascar\">Madagascar<\/option><option value=\"Malawi\">Malawi<\/option><option value=\"Malaysia\">Malaysia<\/option><option value=\"Maldives\">Maldives<\/option><option value=\"Mali\">Mali<\/option><option value=\"Malta\">Malta<\/option><option value=\"Marshall Islands\">Marshall Islands<\/option><option value=\"Mauritania\">Mauritania<\/option><option value=\"Mauritius\">Mauritius<\/option><option value=\"Mexico\">Mexico<\/option><option value=\"Micronesia\">Micronesia<\/option><option value=\"Moldova\">Moldova<\/option><option value=\"Monaco\">Monaco<\/option><option value=\"Mongolia\">Mongolia<\/option><option value=\"Montenegro\">Montenegro<\/option><option value=\"Morocco\">Morocco<\/option><option value=\"Mozambique\">Mozambique<\/option><option value=\"Myanmar (Burma)\">Myanmar (Burma)<\/option><option value=\"Namibia\">Namibia<\/option><option value=\"Nauru\">Nauru<\/option><option value=\"Nepal\">Nepal<\/option><option value=\"Netherlands\">Netherlands<\/option><option value=\"New Zealand\">New Zealand<\/option><option value=\"Nicaragua\">Nicaragua<\/option><option value=\"Niger\">Niger<\/option><option value=\"Nigeria\">Nigeria<\/option><option value=\"North Korea\">North Korea<\/option><option value=\"Norway\">Norway<\/option><option value=\"Oman\">Oman<\/option><option value=\"Pakistan\">Pakistan<\/option><option value=\"Palau\">Palau<\/option><option value=\"Palestine\">Palestine<\/option><option value=\"Panama\">Panama<\/option><option value=\"Papua New Guinea\">Papua New Guinea<\/option><option value=\"Paraguay\">Paraguay<\/option><option value=\"Peru\">Peru<\/option><option value=\"Philippines\">Philippines<\/option><option value=\"Poland\">Poland<\/option><option value=\"Portugal\">Portugal<\/option><option value=\"Qatar\">Qatar<\/option><option value=\"Romania\">Romania<\/option><option value=\"Russia\">Russia<\/option><option value=\"Rwanda\">Rwanda<\/option><option value=\"Saint Kitts and Nevis\">Saint Kitts and Nevis<\/option><option value=\"Saint Lucia\">Saint Lucia<\/option><option value=\"Saint Vincent and the Grenadines\">Saint Vincent and the Grenadines<\/option><option value=\"Samoa\">Samoa<\/option><option value=\"San Marino\">San Marino<\/option><option value=\"Sao Tome and Principe\">Sao Tome and Principe<\/option><option value=\"Saudi Arabia\">Saudi Arabia<\/option><option value=\"Senegal\">Senegal<\/option><option value=\"Serbia\">Serbia<\/option><option value=\"Seychelles\">Seychelles<\/option><option value=\"Sierra Leone\">Sierra Leone<\/option><option value=\"Singapore\">Singapore<\/option><option value=\"Slovakia\">Slovakia<\/option><option value=\"Slovenia\">Slovenia<\/option><option value=\"Solomon Islands\">Solomon Islands<\/option><option value=\"Somalia\">Somalia<\/option><option value=\"South Africa\">South Africa<\/option><option value=\"South Korea\">South Korea<\/option><option value=\"South Sudan\">South Sudan<\/option><option value=\"Spain\">Spain<\/option><option value=\"Sri Lanka\">Sri Lanka<\/option><option value=\"Sudan\">Sudan<\/option><option value=\"Suriname\">Suriname<\/option><option value=\"Swaziland\">Swaziland<\/option><option value=\"Sweden\">Sweden<\/option><option value=\"Switzerland\">Switzerland<\/option><option value=\"Syria\">Syria<\/option><option value=\"Taiwan\">Taiwan<\/option><option value=\"Tajikistan\">Tajikistan<\/option><option value=\"Tanzania\">Tanzania<\/option><option value=\"Thailand\">Thailand<\/option><option value=\"Timor-Leste\">Timor-Leste<\/option><option value=\"Togo\">Togo<\/option><option value=\"Tonga\">Tonga<\/option><option value=\"Trinidad and Tobago\">Trinidad and Tobago<\/option><option value=\"Tunisia\">Tunisia<\/option><option value=\"Turkey\">Turkey<\/option><option value=\"Turkmenistan\">Turkmenistan<\/option><option value=\"Tuvalu\">Tuvalu<\/option><option value=\"Uganda\">Uganda<\/option><option value=\"Ukraine\">Ukraine<\/option><option value=\"United Arab Emirates (UAE)\">United Arab Emirates (UAE)<\/option><option value=\"United Kingdom (UK)\">United Kingdom (UK)<\/option><option value=\"United States of America (USA)\">United States of America (USA)<\/option><option value=\"Uruguay\">Uruguay<\/option><option value=\"Uzbekistan\">Uzbekistan<\/option><option value=\"Vanuatu\">Vanuatu<\/option><option value=\"Vatican City (Holy See)\">Vatican City (Holy See)<\/option><option value=\"Venezuela\">Venezuela<\/option><option value=\"Vietnam\">Vietnam<\/option><option value=\"Yemen\">Yemen<\/option><option value=\"Zambia\">Zambia<\/option><option value=\"Zimbabwe\">Zimbabwe<\/option><\/select> <\/p>\n<p>\n    <textarea name=\"your-message\" cols=\"40\" rows=\"10\" aria-required=\"true\" aria-invalid=\"false\" placeholder=\"Pregunta (* obligatoria)\"><\/textarea> <\/p>\n<p>C\u00f3mo se enter\u00f3 de nosotros? <select name=\"hear\" aria-invalid=\"false\"><option value=\"Seleccione\">Seleccione<\/option><option value=\"A tavr\u00e9s de internet\">A tavr\u00e9s de internet<\/option><option value=\"Via de los medios de comunicaci\u00f3n\">Via de los medios de comunicaci\u00f3n<\/option><option value=\"Yo ya hab\u00eda escuchado de NutriSuin\">Yo ya hab\u00eda escuchado de NutriSuin<\/option><\/select> <\/p>\n<p><input type=\"submit\" value=\"Enviar\" \/><\/p>\n<\/form>\n<h3>\n\t\t\u00bfNecesita ayuda con algo?<br \/>\n\t<\/h3>\n<p>Para mayor informaci\u00f3n no dude en contactarnos telef\u00f3nicamente al: <strong>+31497748000<\/strong> o escr\u00edbanos al correo electr\u00f3nico: <strong>info@NutriSuin.com<\/strong>. Si est\u00e1 interesando en uno de nuestros servicios por favor diligencie el formulario de contacto y uno de nuestros especialistas se pondr\u00e1 en contacto con usted tan pronto como sea posible.<\/p>\n<h2>\n\t\t+31 497 748 000<br \/>\n\t<\/h2>\n<h3>\n\t\tSobre<br \/>\n\t<\/h3>\n<p>Con confianza podemos decir que tenemos m\u00e1s de 35 de experiencia estable -y pr\u00e1ctica en la cr\u00eda de cerdos.<\/p>\n<p>Con nuestro f\u00e1cil de encajar, estrategia de alimentaci\u00f3n de los lechones lactantes, una base suave para el beneficio de sus animales. Tanto para el agricultor cerda seguir una cr\u00eda de lechones exitosa y rentable, ya que el criador de cerdos que va para los lechones de alta calidad.<\/p>\n<h4>Alimentando su beneficio; nuestro lema no podr\u00eda ser m\u00e1s claro!<\/h4>\n","protected":false},"excerpt":{"rendered":"<p>Cont\u00e1ctenos Feeding your profit Cont\u00e1ctenos Para obtener m\u00e1s informaci\u00f3n, realizar alguna pregunta \u00f3 dejar un comentario, favor de llenar el siguiente formulario y nosotros nos pondremos en contacto con usted&hellip;<\/p>\n","protected":false},"author":1,"featured_media":0,"parent":0,"menu_order":0,"comment_status":"closed","ping_status":"closed","template":"","meta":{"_acf_changed":false,"footnotes":""},"class_list":["post-773","page","type-page","status-publish","hentry"],"acf":[],"yoast_head":"<!-- This site is optimized with the Yoast SEO plugin v27.4 - https:\/\/yoast.com\/product\/yoast-seo-wordpress\/ -->\n<title>Contacto - NutriSuin<\/title>\n<meta name=\"robots\" content=\"index, follow, max-snippet:-1, max-image-preview:large, max-video-preview:-1\" \/>\n<link rel=\"canonical\" href=\"https:\/\/www.nutrisuin.nl\/es\/contacto\/\" \/>\n<meta property=\"og:locale\" content=\"es_ES\" \/>\n<meta property=\"og:type\" content=\"article\" \/>\n<meta property=\"og:title\" content=\"Contacto - NutriSuin\" \/>\n<meta property=\"og:description\" content=\"Cont\u00e1ctenos Feeding your profit Cont\u00e1ctenos Para obtener m\u00e1s informaci\u00f3n, realizar alguna pregunta \u00f3 dejar un comentario, favor de llenar el siguiente formulario y nosotros nos pondremos en contacto con usted&hellip;\" \/>\n<meta property=\"og:url\" content=\"https:\/\/www.nutrisuin.nl\/es\/contacto\/\" \/>\n<meta property=\"og:site_name\" content=\"NutriSuin\" \/>\n<meta property=\"article:modified_time\" content=\"2018-06-22T12:04:39+00:00\" \/>\n<meta name=\"twitter:card\" content=\"summary_large_image\" \/>\n<meta name=\"twitter:label1\" content=\"Tiempo de lectura\" \/>\n\t<meta name=\"twitter:data1\" content=\"1 minuto\" \/>\n<script type=\"application\/ld+json\" class=\"yoast-schema-graph\">{\"@context\":\"https:\\\/\\\/schema.org\",\"@graph\":[{\"@type\":\"WebPage\",\"@id\":\"https:\\\/\\\/www.nutrisuin.nl\\\/es\\\/contacto\\\/\",\"url\":\"https:\\\/\\\/www.nutrisuin.nl\\\/es\\\/contacto\\\/\",\"name\":\"Contacto - NutriSuin\",\"isPartOf\":{\"@id\":\"https:\\\/\\\/www.nutrisuin.nl\\\/#website\"},\"datePublished\":\"2017-07-21T11:58:45+00:00\",\"dateModified\":\"2018-06-22T12:04:39+00:00\",\"breadcrumb\":{\"@id\":\"https:\\\/\\\/www.nutrisuin.nl\\\/es\\\/contacto\\\/#breadcrumb\"},\"inLanguage\":\"es\",\"potentialAction\":[{\"@type\":\"ReadAction\",\"target\":[\"https:\\\/\\\/www.nutrisuin.nl\\\/es\\\/contacto\\\/\"]}]},{\"@type\":\"BreadcrumbList\",\"@id\":\"https:\\\/\\\/www.nutrisuin.nl\\\/es\\\/contacto\\\/#breadcrumb\",\"itemListElement\":[{\"@type\":\"ListItem\",\"position\":1,\"name\":\"Home\",\"item\":\"https:\\\/\\\/www.nutrisuin.nl\\\/es\\\/\"},{\"@type\":\"ListItem\",\"position\":2,\"name\":\"Contacto\"}]},{\"@type\":\"WebSite\",\"@id\":\"https:\\\/\\\/www.nutrisuin.nl\\\/#website\",\"url\":\"https:\\\/\\\/www.nutrisuin.nl\\\/\",\"name\":\"NutriSuin\",\"description\":\"Feeding your profit\",\"potentialAction\":[{\"@type\":\"SearchAction\",\"target\":{\"@type\":\"EntryPoint\",\"urlTemplate\":\"https:\\\/\\\/www.nutrisuin.nl\\\/?s={search_term_string}\"},\"query-input\":{\"@type\":\"PropertyValueSpecification\",\"valueRequired\":true,\"valueName\":\"search_term_string\"}}],\"inLanguage\":\"es\"}]}<\/script>\n<!-- \/ Yoast SEO plugin. -->","yoast_head_json":{"title":"Contacto - NutriSuin","robots":{"index":"index","follow":"follow","max-snippet":"max-snippet:-1","max-image-preview":"max-image-preview:large","max-video-preview":"max-video-preview:-1"},"canonical":"https:\/\/www.nutrisuin.nl\/es\/contacto\/","og_locale":"es_ES","og_type":"article","og_title":"Contacto - NutriSuin","og_description":"Cont\u00e1ctenos Feeding your profit Cont\u00e1ctenos Para obtener m\u00e1s informaci\u00f3n, realizar alguna pregunta \u00f3 dejar un comentario, favor de llenar el siguiente formulario y nosotros nos pondremos en contacto con usted&hellip;","og_url":"https:\/\/www.nutrisuin.nl\/es\/contacto\/","og_site_name":"NutriSuin","article_modified_time":"2018-06-22T12:04:39+00:00","twitter_card":"summary_large_image","twitter_misc":{"Tiempo de lectura":"1 minuto"},"schema":{"@context":"https:\/\/schema.org","@graph":[{"@type":"WebPage","@id":"https:\/\/www.nutrisuin.nl\/es\/contacto\/","url":"https:\/\/www.nutrisuin.nl\/es\/contacto\/","name":"Contacto - NutriSuin","isPartOf":{"@id":"https:\/\/www.nutrisuin.nl\/#website"},"datePublished":"2017-07-21T11:58:45+00:00","dateModified":"2018-06-22T12:04:39+00:00","breadcrumb":{"@id":"https:\/\/www.nutrisuin.nl\/es\/contacto\/#breadcrumb"},"inLanguage":"es","potentialAction":[{"@type":"ReadAction","target":["https:\/\/www.nutrisuin.nl\/es\/contacto\/"]}]},{"@type":"BreadcrumbList","@id":"https:\/\/www.nutrisuin.nl\/es\/contacto\/#breadcrumb","itemListElement":[{"@type":"ListItem","position":1,"name":"Home","item":"https:\/\/www.nutrisuin.nl\/es\/"},{"@type":"ListItem","position":2,"name":"Contacto"}]},{"@type":"WebSite","@id":"https:\/\/www.nutrisuin.nl\/#website","url":"https:\/\/www.nutrisuin.nl\/","name":"NutriSuin","description":"Feeding your profit","potentialAction":[{"@type":"SearchAction","target":{"@type":"EntryPoint","urlTemplate":"https:\/\/www.nutrisuin.nl\/?s={search_term_string}"},"query-input":{"@type":"PropertyValueSpecification","valueRequired":true,"valueName":"search_term_string"}}],"inLanguage":"es"}]}},"_links":{"self":[{"href":"https:\/\/www.nutrisuin.nl\/es\/wp-json\/wp\/v2\/pages\/773","targetHints":{"allow":["GET"]}}],"collection":[{"href":"https:\/\/www.nutrisuin.nl\/es\/wp-json\/wp\/v2\/pages"}],"about":[{"href":"https:\/\/www.nutrisuin.nl\/es\/wp-json\/wp\/v2\/types\/page"}],"author":[{"embeddable":true,"href":"https:\/\/www.nutrisuin.nl\/es\/wp-json\/wp\/v2\/users\/1"}],"replies":[{"embeddable":true,"href":"https:\/\/www.nutrisuin.nl\/es\/wp-json\/wp\/v2\/comments?post=773"}],"version-history":[{"count":1,"href":"https:\/\/www.nutrisuin.nl\/es\/wp-json\/wp\/v2\/pages\/773\/revisions"}],"predecessor-version":[{"id":38447,"href":"https:\/\/www.nutrisuin.nl\/es\/wp-json\/wp\/v2\/pages\/773\/revisions\/38447"}],"wp:attachment":[{"href":"https:\/\/www.nutrisuin.nl\/es\/wp-json\/wp\/v2\/media?parent=773"}],"curies":[{"name":"wp","href":"https:\/\/api.w.org\/{rel}","templated":true}]}}