{"id":853,"date":"2017-07-21T14:30:51","date_gmt":"2017-07-21T12:30:51","guid":{"rendered":"http:\/\/www.nutrisuin.nl\/acerca-de\/"},"modified":"2018-03-28T09:42:44","modified_gmt":"2018-03-28T07:42:44","slug":"acerca-de","status":"publish","type":"page","link":"https:\/\/www.nutrisuin.nl\/es\/acerca-de\/","title":{"rendered":"Acerca de"},"content":{"rendered":"<h1>\n\t\t<strong>Acerca<\/strong> de<br \/>\n\t<\/h1>\n<p>\t\t\t<a href=\"http:\/\/www.nutrisuin.nl\/es\/\" target=\"_self\" role=\"button\"><br \/>\n\t\t\t\t\t\t\t<strong>Feeding<\/strong> your profit<br \/>\n\t\t\t\t\t<\/a><\/p>\n<h1>\n\t\t<strong>Acerca<\/strong> de<br \/>\n\t<\/h1>\n<p>Con toda la confianza podemos destacar el hecho de tener m\u00e1s de 35 a\u00f1os de conocimiento y experiencia en el sector porc\u00edcola. Nuestra estrategia alimenticia f\u00e1cil de usar para lechones lactantes propone fundamentos s\u00f3lidos para obtener alta rentabilidad en la crianza de sus animales. Esto tanto para los productores apuntando hac\u00eda la eficiencia de producci\u00f3n con un mejor costo-beneficio, como para los porcicultores buscando lechones fuertes y de alta calidad.<\/p>\n<h3>\n\t\tALIMENTANDO SU BENEFICIO; NUESTRO LEMA NO PODR\u00cdA SER M\u00c1S CLARO!<br \/>\n\t<\/h3>\n<p>\t\t\t<a href=\"https:\/\/www.nutrisuin.nl\/es\/productos\/\" target=\"_self\" role=\"button\"><br \/>\n\t\t\t\t\t\t\tNUESTROS PRODUCTOS<br \/>\n\t\t\t\t\t<\/a><\/p>\n<h3>COMIENCE HOY MISMO?<\/h3>\n<p>Env\u00edanos un mensaje y nos pondremos en contacto con usted!<\/p>\n<p>\t\t\t<a href=\"https:\/\/www.nutrisuin.nl\/es\/contacto\/\" target=\"_self\" role=\"button\"><br \/>\n\t\t\t\t\t\t\tEN CONTACTO CON<br \/>\n\t\t\t\t\t<\/a><\/p>\n<h2>\n\t\t<strong>NUESTRO INNOVADOR M\u00c9TODO ALIMENTICIO <\/strong> PARA<br \/> SUS LECHONES ES:<br \/>\n\t<\/h2>\n<ul>\n<li>\n<h3>pr\u00e1ctico<\/h3>\n<\/li>\n<li>\n<h3>espec\u00edfico<\/h3>\n<\/li>\n<li>\n<h3>rentable<\/h3>\n<\/li>\n<\/ul>\n<h2>\n\t\t\u00bfQU\u00c9 RESULTADOS SE OBTIENEN CON EL M\u00c9TODO ALIMENTICIO <strong>NUTRI<\/strong>SUIN?<br \/>\n\t<\/h2>\n<ul>\n<li>\n<h3>un periodo de destete sin problemas<\/h3>\n<\/li>\n<li>\n<h3>lechones de gran calidad y rebosantes de salud<\/h3>\n<\/li>\n<li>\n<h3>evita el desperdicio de alimentos costosos y el derroche de dinero tras el destete<\/h3>\n<\/li>\n<li>\n<h3>pesos altos y uniformes en la entrega<\/h3>\n<\/li>\n<li>\n<h3>un destete libre de problemas y, sobre todo, m\u00e1xima eficiencia econ\u00f3mica en el destete, adem\u00e1s de una mejora significativa en los resultados del engorde<\/h3>\n<\/li>\n<\/ul>\n<h4>\n\t\tLOS RESULTADOS LO DEMUESTRAN:<br \/>\n\t<\/h4>\n<h4>\n\t\tantes del destete:<br \/>\n\t<\/h4>\n<ul>\n<li>\n<h3>un aumento significativo de ingesta de alimento y un aumento significativo de peso en el destete<\/h3>\n<\/li>\n<\/ul>\n<h4>\n\t\tdespu\u00e9s del destete:<br \/>\n\t<\/h4>\n<ul>\n<li>\n<h3>consigue que todos los lechones coman dentro de un plazo de 12 horas tras el destete<\/h3>\n<\/li>\n<li>\n<h3>costos de veterinario<\/h3>\n<\/li>\n<li>\n<h3>costos de alimentaci\u00f3n por mejora de la conversi\u00f3n alimenticia<\/h3>\n<\/li>\n<li>\n<h3>1,5 kg a los 39 d\u00edas tras el destete<\/h3>\n<\/li>\n<\/ul>\n<h2>\n\t\t<strong>OFRECEMOS<\/strong>:<br \/>\n\t<\/h2>\n<ul>\n<li>\n<h3>Un precio fijo para el paquete NutriSuin:<\/h3>\n<p>BabySuin + PreSuin + AutoSuin<\/p>\n<\/li>\n<li>\n<h3>Sin sorpresas<\/h3>\n<p>se sabe qu\u00e9 se puede esperar de antemano<\/p>\n<\/li>\n<li>\n<h3>Inversi\u00f3n m\u00ednima<\/h3>\n<p>y perfecto retorno de inversi\u00f3n<\/p>\n<\/li>\n<\/ul>\n<h4>\n\t\tCon el m\u00e9todo de alimentaci\u00f3n f\u00e1cil de usar de NutriSuin, sus lechones se desarrollan sin problemas y crecen con la m\u00e1xima efectividad de costos hasta llegar a ser animales extraordinariamente rentables.<br \/>\n\t<\/h4>\n<h3>LISTO PARA APRENDER M\u00c1S?<\/h3>\n<p>Ll\u00e1menos hoy!<\/p>\n<p>\t\t\t<a href=\"https:\/\/www.nutrisuin.nl\/es\/contacto\/\" target=\"_self\" role=\"button\"><br \/>\n\t\t\t\t\t\t\tHAGA CLIC AQU\u00cc<br \/>\n\t\t\t\t\t<\/a><\/p>\n","protected":false},"excerpt":{"rendered":"<p>Acerca de Feeding your profit Acerca de Con toda la confianza podemos destacar el hecho de tener m\u00e1s de 35 a\u00f1os de conocimiento y experiencia en el sector porc\u00edcola. Nuestra&hellip;<\/p>\n","protected":false},"author":1,"featured_media":1227,"parent":0,"menu_order":0,"comment_status":"closed","ping_status":"closed","template":"","meta":{"_acf_changed":false,"footnotes":""},"class_list":["post-853","page","type-page","status-publish","has-post-thumbnail","hentry"],"acf":[],"yoast_head":"<!-- This site is optimized with the Yoast SEO plugin v27.5 - https:\/\/yoast.com\/product\/yoast-seo-wordpress\/ -->\n<title>Acerca de - NutriSuin<\/title>\n<meta name=\"robots\" content=\"index, follow, max-snippet:-1, max-image-preview:large, max-video-preview:-1\" \/>\n<link rel=\"canonical\" href=\"https:\/\/www.nutrisuin.nl\/es\/acerca-de\/\" \/>\n<meta property=\"og:locale\" content=\"es_ES\" \/>\n<meta property=\"og:type\" content=\"article\" \/>\n<meta property=\"og:title\" content=\"Acerca de - NutriSuin\" \/>\n<meta property=\"og:description\" content=\"Acerca de Feeding your profit Acerca de Con toda la confianza podemos destacar el hecho de tener m\u00e1s de 35 a\u00f1os de conocimiento y experiencia en el sector porc\u00edcola. Nuestra&hellip;\" \/>\n<meta property=\"og:url\" content=\"https:\/\/www.nutrisuin.nl\/es\/acerca-de\/\" \/>\n<meta property=\"og:site_name\" content=\"NutriSuin\" \/>\n<meta property=\"article:modified_time\" content=\"2018-03-28T07:42:44+00:00\" \/>\n<meta property=\"og:image\" content=\"https:\/\/www.nutrisuin.nl\/wp-content\/uploads\/TopAcid-899x1024.jpg\" \/>\n\t<meta property=\"og:image:width\" content=\"899\" \/>\n\t<meta property=\"og:image:height\" content=\"1024\" \/>\n\t<meta property=\"og:image:type\" content=\"image\/jpeg\" \/>\n<meta name=\"twitter:card\" content=\"summary_large_image\" \/>\n<meta name=\"twitter:label1\" content=\"Tiempo de lectura\" \/>\n\t<meta name=\"twitter:data1\" content=\"2 minutos\" \/>\n<script type=\"application\/ld+json\" class=\"yoast-schema-graph\">{\"@context\":\"https:\\\/\\\/schema.org\",\"@graph\":[{\"@type\":\"WebPage\",\"@id\":\"https:\\\/\\\/www.nutrisuin.nl\\\/es\\\/acerca-de\\\/\",\"url\":\"https:\\\/\\\/www.nutrisuin.nl\\\/es\\\/acerca-de\\\/\",\"name\":\"Acerca de - NutriSuin\",\"isPartOf\":{\"@id\":\"https:\\\/\\\/www.nutrisuin.nl\\\/#website\"},\"primaryImageOfPage\":{\"@id\":\"https:\\\/\\\/www.nutrisuin.nl\\\/es\\\/acerca-de\\\/#primaryimage\"},\"image\":{\"@id\":\"https:\\\/\\\/www.nutrisuin.nl\\\/es\\\/acerca-de\\\/#primaryimage\"},\"thumbnailUrl\":\"https:\\\/\\\/www.nutrisuin.nl\\\/wp-content\\\/uploads\\\/TopAcid.jpg\",\"datePublished\":\"2017-07-21T12:30:51+00:00\",\"dateModified\":\"2018-03-28T07:42:44+00:00\",\"breadcrumb\":{\"@id\":\"https:\\\/\\\/www.nutrisuin.nl\\\/es\\\/acerca-de\\\/#breadcrumb\"},\"inLanguage\":\"es\",\"potentialAction\":[{\"@type\":\"ReadAction\",\"target\":[\"https:\\\/\\\/www.nutrisuin.nl\\\/es\\\/acerca-de\\\/\"]}]},{\"@type\":\"ImageObject\",\"inLanguage\":\"es\",\"@id\":\"https:\\\/\\\/www.nutrisuin.nl\\\/es\\\/acerca-de\\\/#primaryimage\",\"url\":\"https:\\\/\\\/www.nutrisuin.nl\\\/wp-content\\\/uploads\\\/TopAcid.jpg\",\"contentUrl\":\"https:\\\/\\\/www.nutrisuin.nl\\\/wp-content\\\/uploads\\\/TopAcid.jpg\",\"width\":5402,\"height\":6152},{\"@type\":\"BreadcrumbList\",\"@id\":\"https:\\\/\\\/www.nutrisuin.nl\\\/es\\\/acerca-de\\\/#breadcrumb\",\"itemListElement\":[{\"@type\":\"ListItem\",\"position\":1,\"name\":\"Home\",\"item\":\"https:\\\/\\\/www.nutrisuin.nl\\\/es\\\/\"},{\"@type\":\"ListItem\",\"position\":2,\"name\":\"Acerca de\"}]},{\"@type\":\"WebSite\",\"@id\":\"https:\\\/\\\/www.nutrisuin.nl\\\/#website\",\"url\":\"https:\\\/\\\/www.nutrisuin.nl\\\/\",\"name\":\"NutriSuin\",\"description\":\"Feeding your profit\",\"potentialAction\":[{\"@type\":\"SearchAction\",\"target\":{\"@type\":\"EntryPoint\",\"urlTemplate\":\"https:\\\/\\\/www.nutrisuin.nl\\\/?s={search_term_string}\"},\"query-input\":{\"@type\":\"PropertyValueSpecification\",\"valueRequired\":true,\"valueName\":\"search_term_string\"}}],\"inLanguage\":\"es\"}]}<\/script>\n<!-- \/ Yoast SEO plugin. -->","yoast_head_json":{"title":"Acerca de - NutriSuin","robots":{"index":"index","follow":"follow","max-snippet":"max-snippet:-1","max-image-preview":"max-image-preview:large","max-video-preview":"max-video-preview:-1"},"canonical":"https:\/\/www.nutrisuin.nl\/es\/acerca-de\/","og_locale":"es_ES","og_type":"article","og_title":"Acerca de - NutriSuin","og_description":"Acerca de Feeding your profit Acerca de Con toda la confianza podemos destacar el hecho de tener m\u00e1s de 35 a\u00f1os de conocimiento y experiencia en el sector porc\u00edcola. Nuestra&hellip;","og_url":"https:\/\/www.nutrisuin.nl\/es\/acerca-de\/","og_site_name":"NutriSuin","article_modified_time":"2018-03-28T07:42:44+00:00","og_image":[{"width":899,"height":1024,"url":"https:\/\/www.nutrisuin.nl\/wp-content\/uploads\/TopAcid-899x1024.jpg","type":"image\/jpeg"}],"twitter_card":"summary_large_image","twitter_misc":{"Tiempo de lectura":"2 minutos"},"schema":{"@context":"https:\/\/schema.org","@graph":[{"@type":"WebPage","@id":"https:\/\/www.nutrisuin.nl\/es\/acerca-de\/","url":"https:\/\/www.nutrisuin.nl\/es\/acerca-de\/","name":"Acerca de - NutriSuin","isPartOf":{"@id":"https:\/\/www.nutrisuin.nl\/#website"},"primaryImageOfPage":{"@id":"https:\/\/www.nutrisuin.nl\/es\/acerca-de\/#primaryimage"},"image":{"@id":"https:\/\/www.nutrisuin.nl\/es\/acerca-de\/#primaryimage"},"thumbnailUrl":"https:\/\/www.nutrisuin.nl\/wp-content\/uploads\/TopAcid.jpg","datePublished":"2017-07-21T12:30:51+00:00","dateModified":"2018-03-28T07:42:44+00:00","breadcrumb":{"@id":"https:\/\/www.nutrisuin.nl\/es\/acerca-de\/#breadcrumb"},"inLanguage":"es","potentialAction":[{"@type":"ReadAction","target":["https:\/\/www.nutrisuin.nl\/es\/acerca-de\/"]}]},{"@type":"ImageObject","inLanguage":"es","@id":"https:\/\/www.nutrisuin.nl\/es\/acerca-de\/#primaryimage","url":"https:\/\/www.nutrisuin.nl\/wp-content\/uploads\/TopAcid.jpg","contentUrl":"https:\/\/www.nutrisuin.nl\/wp-content\/uploads\/TopAcid.jpg","width":5402,"height":6152},{"@type":"BreadcrumbList","@id":"https:\/\/www.nutrisuin.nl\/es\/acerca-de\/#breadcrumb","itemListElement":[{"@type":"ListItem","position":1,"name":"Home","item":"https:\/\/www.nutrisuin.nl\/es\/"},{"@type":"ListItem","position":2,"name":"Acerca de"}]},{"@type":"WebSite","@id":"https:\/\/www.nutrisuin.nl\/#website","url":"https:\/\/www.nutrisuin.nl\/","name":"NutriSuin","description":"Feeding your profit","potentialAction":[{"@type":"SearchAction","target":{"@type":"EntryPoint","urlTemplate":"https:\/\/www.nutrisuin.nl\/?s={search_term_string}"},"query-input":{"@type":"PropertyValueSpecification","valueRequired":true,"valueName":"search_term_string"}}],"inLanguage":"es"}]}},"_links":{"self":[{"href":"https:\/\/www.nutrisuin.nl\/es\/wp-json\/wp\/v2\/pages\/853","targetHints":{"allow":["GET"]}}],"collection":[{"href":"https:\/\/www.nutrisuin.nl\/es\/wp-json\/wp\/v2\/pages"}],"about":[{"href":"https:\/\/www.nutrisuin.nl\/es\/wp-json\/wp\/v2\/types\/page"}],"author":[{"embeddable":true,"href":"https:\/\/www.nutrisuin.nl\/es\/wp-json\/wp\/v2\/users\/1"}],"replies":[{"embeddable":true,"href":"https:\/\/www.nutrisuin.nl\/es\/wp-json\/wp\/v2\/comments?post=853"}],"version-history":[{"count":0,"href":"https:\/\/www.nutrisuin.nl\/es\/wp-json\/wp\/v2\/pages\/853\/revisions"}],"wp:featuredmedia":[{"embeddable":true,"href":"https:\/\/www.nutrisuin.nl\/es\/wp-json\/wp\/v2\/media\/1227"}],"wp:attachment":[{"href":"https:\/\/www.nutrisuin.nl\/es\/wp-json\/wp\/v2\/media?parent=853"}],"curies":[{"name":"wp","href":"https:\/\/api.w.org\/{rel}","templated":true}]}}